{"id":1577,"date":"2014-02-18T21:34:21","date_gmt":"2014-02-18T20:34:21","guid":{"rendered":"https:\/\/www.morvaykrisztina.hu\/?page_id=1577"},"modified":"2014-02-18T21:36:56","modified_gmt":"2014-02-18T20:36:56","slug":"lablec-konyvforditasok-martina-cole-a-csalad","status":"publish","type":"page","link":"https:\/\/www.morvaykrisztina.hu\/hu\/lablec\/lablec-konyvforditasok-martina-cole-a-csalad\/","title":{"rendered":"L\u00e1bl\u00e9c &#8211; K\u00f6nyvford\u00edt\u00e1sok &#8211; Martina Cole &#8211; A csal\u00e1d"},"content":{"rendered":"<p><\/p>\n<div><img decoding=\"async\" title=\"Martina Cole - A csal\u00e1d\" src=\"\/wp-content\/uploads\/Martina_Cole_-_A_csalad.gif\" alt=\"Martina Cole - A csal\u00e1d\" \/><br \/>\n<span class=\"elem-cim\">Martina Cole<\/span><br \/>\n<span class=\"elem-alcim\">A csal\u00e1d<\/span><br \/>\n<span class=\"elem-text\">A vil\u00e1gh\u00edr\u0171 \u00edr\u00f3n\u0151 k\u00edm\u00e9letlen\u00fcl realista reg\u00e9nye ism\u00e9t a gengszterek vil\u00e1g\u00e1ba r\u00f6p\u00edt benn\u00fcnket, egy klis\u00e9ket n\u00e9lk\u00fcl\u00f6z\u0151 fordulatokkal teli&#8230;<\/span><a href=\"\/hu\/referenciak\/kategoriak\/martina-cole-a-csalad\/\">tov\u00e1bb<\/a><\/div>\n<p><\/p>","protected":false},"excerpt":{"rendered":"<p>Martina Cole A csal\u00e1d A vil\u00e1gh\u00edr\u0171 \u00edr\u00f3n\u0151 k\u00edm\u00e9letlen\u00fcl realista reg\u00e9nye ism\u00e9t a gengszterek vil\u00e1g\u00e1ba r\u00f6p\u00edt benn\u00fcnket, egy klis\u00e9ket n\u00e9lk\u00fcl\u00f6z\u0151 fordulatokkal teli&#8230;tov\u00e1bb<\/p>\n","protected":false},"author":1,"featured_media":0,"parent":246,"menu_order":0,"comment_status":"open","ping_status":"open","template":"","meta":{"footnotes":""},"_links":{"self":[{"href":"https:\/\/www.morvaykrisztina.hu\/hu\/wp-json\/wp\/v2\/pages\/1577"}],"collection":[{"href":"https:\/\/www.morvaykrisztina.hu\/hu\/wp-json\/wp\/v2\/pages"}],"about":[{"href":"https:\/\/www.morvaykrisztina.hu\/hu\/wp-json\/wp\/v2\/types\/page"}],"author":[{"embeddable":true,"href":"https:\/\/www.morvaykrisztina.hu\/hu\/wp-json\/wp\/v2\/users\/1"}],"replies":[{"embeddable":true,"href":"https:\/\/www.morvaykrisztina.hu\/hu\/wp-json\/wp\/v2\/comments?post=1577"}],"version-history":[{"count":0,"href":"https:\/\/www.morvaykrisztina.hu\/hu\/wp-json\/wp\/v2\/pages\/1577\/revisions"}],"up":[{"embeddable":true,"href":"https:\/\/www.morvaykrisztina.hu\/hu\/wp-json\/wp\/v2\/pages\/246"}],"wp:attachment":[{"href":"https:\/\/www.morvaykrisztina.hu\/hu\/wp-json\/wp\/v2\/media?parent=1577"}],"curies":[{"name":"wp","href":"https:\/\/api.w.org\/{rel}","templated":true}]}}