{"id":1530,"date":"2013-09-29T18:01:25","date_gmt":"2013-09-29T16:01:25","guid":{"rendered":"https:\/\/www.morvaykrisztina.hu\/?page_id=1530"},"modified":"2013-09-29T20:34:15","modified_gmt":"2013-09-29T18:34:15","slug":"lablec-konyvforditasok-alex-stone-szedjuk-ra-houdinit","status":"publish","type":"page","link":"https:\/\/www.morvaykrisztina.hu\/hu\/lablec\/lablec-konyvforditasok-alex-stone-szedjuk-ra-houdinit\/","title":{"rendered":"L\u00e1bl\u00e9c &#8211; K\u00f6nyvford\u00edt\u00e1sok &#8211; Alex Stone &#8211; Szedj\u00fck r\u00e1 Houdinit!"},"content":{"rendered":"<p><\/p>\n<div>\n<p><img decoding=\"async\" title=\"Alex_Stone_-_Szedjuk_ra_Houdinit\" alt=\"Alex_Stone_-_Szedjuk_ra_Houdinit\" src=\"\/wp-content\/uploads\/Alex_Stone_-_Szedjuk_ra_Houdinit2.jpg\" \/><\/p>\n<p><span class=\"elem-cim\">Alex Stone<\/span><\/p>\n<p><span class=\"elem-alcim\">Szedj\u00fck r\u00e1 Houdinit!<\/span><\/p>\n<p><span class=\"elem-text\">A b\u0171v\u00e9szet a megt\u00e9veszt\u00e9s tudom\u00e1nya. Lebilincsel\u0151 utaz\u00e1s a tudatoss\u00e1g hat\u00e1rait \u00e9s az emberi elme rejt\u00e9lyeit vizsg\u00e1l\u00f3 sz\u00ednes vil\u00e1gba&#8230;<\/span><a href=\"\/hu\/referenciak\/kategoriak\/alex-stone-szedjuk-ra-houdinit\/\">tov\u00e1bb<\/a><\/p>\n<\/div>\n<p><\/p>","protected":false},"excerpt":{"rendered":"<p>Alex Stone Szedj\u00fck r\u00e1 Houdinit! A b\u0171v\u00e9szet a megt\u00e9veszt\u00e9s tudom\u00e1nya. Lebilincsel\u0151 utaz\u00e1s a tudatoss\u00e1g hat\u00e1rait \u00e9s az emberi elme rejt\u00e9lyeit vizsg\u00e1l\u00f3 sz\u00ednes vil\u00e1gba&#8230;tov\u00e1bb<\/p>\n","protected":false},"author":1,"featured_media":0,"parent":246,"menu_order":0,"comment_status":"open","ping_status":"open","template":"","meta":{"footnotes":""},"_links":{"self":[{"href":"https:\/\/www.morvaykrisztina.hu\/hu\/wp-json\/wp\/v2\/pages\/1530"}],"collection":[{"href":"https:\/\/www.morvaykrisztina.hu\/hu\/wp-json\/wp\/v2\/pages"}],"about":[{"href":"https:\/\/www.morvaykrisztina.hu\/hu\/wp-json\/wp\/v2\/types\/page"}],"author":[{"embeddable":true,"href":"https:\/\/www.morvaykrisztina.hu\/hu\/wp-json\/wp\/v2\/users\/1"}],"replies":[{"embeddable":true,"href":"https:\/\/www.morvaykrisztina.hu\/hu\/wp-json\/wp\/v2\/comments?post=1530"}],"version-history":[{"count":0,"href":"https:\/\/www.morvaykrisztina.hu\/hu\/wp-json\/wp\/v2\/pages\/1530\/revisions"}],"up":[{"embeddable":true,"href":"https:\/\/www.morvaykrisztina.hu\/hu\/wp-json\/wp\/v2\/pages\/246"}],"wp:attachment":[{"href":"https:\/\/www.morvaykrisztina.hu\/hu\/wp-json\/wp\/v2\/media?parent=1530"}],"curies":[{"name":"wp","href":"https:\/\/api.w.org\/{rel}","templated":true}]}}