{"id":15,"date":"2011-08-28T23:41:52","date_gmt":"2011-08-28T21:41:52","guid":{"rendered":"https:\/\/www.morvaykrisztina.hu\/?page_id=15"},"modified":"2012-12-03T10:46:41","modified_gmt":"2012-12-03T09:46:41","slug":"kapcsolat","status":"publish","type":"page","link":"https:\/\/www.morvaykrisztina.hu\/hu\/kapcsolat\/","title":{"rendered":"Kapcsolat"},"content":{"rendered":"<p><\/p>\n<h1>El\u00e9rhet\u0151s\u00e9geim<\/h1>\n<ul class=\"contact\">\n<li>Telefon: <strong>+36-20-489-5320<\/strong><\/li>\n<li>Email: <a href=\"mailto:morvay.krisztina@gmail.com\">morvay.krisztina@gmail.com<\/a><\/li>\n<li>Skype: <strong>morvay.krisztina<\/strong><\/li>\n<li>MSN: <strong>morvay.krisztina@windowslive.com<\/strong><\/li>\n<\/ul>\n<h1>\u00dczenet k\u00fcld\u00e9se<\/h1>\n<p>A fenti el\u00e9rhet\u0151s\u00e9geken k\u00edv\u00fcl az al\u00e1bbi \u0171rlap haszn\u00e1lat\u00e1val is kapcsolatban l\u00e9phet velem:<\/p>\n\n\t\t<div id=\"usermessage3a\" class=\"cf_info \"><\/div>\n\t\t<form enctype=\"multipart\/form-data\" action=\"\/hu\/wp-json\/wp\/v2\/pages\/15#usermessage3a\" method=\"post\" class=\"cform %c3%bczenet-k%c3%bcld%c3%a9se \" id=\"cforms3form\">\n\t\t<ol class=\"cf-ol\">\n\t\t\t<li id=\"li-3-1\" class=\"\"><label id=\"label-3-1\" for=\"cf3_field_1\"><span>N\u00e9v<\/span><\/label><input type=\"text\" name=\"cf3_field_1\" id=\"cf3_field_1\" class=\"single fldrequired\" value=\"Csal\u00e1dn\u00e9v Keresztn\u00e9v\" onfocus=\"clearField(this)\" onblur=\"setField(this)\"\/><span class=\"reqtxt\">(sz\u00fcks\u00e9ges)<\/span><\/li>\n\t\t\t<li id=\"li-3-2\" class=\"\"><label id=\"label-3-2\" for=\"cf3_field_2\"><span>Email<\/span><\/label><input type=\"text\" name=\"cf3_field_2\" id=\"cf3_field_2\" class=\"single fldemail fldrequired\" value=\"@\"\/><span class=\"emailreqtxt\">(\u00e9rv\u00e9nyes email sz\u00fcks\u00e9ges)<\/span><\/li>\n\t\t\t<li id=\"li-3-3\" class=\"\"><label id=\"label-3-3\" for=\"cf3_field_3\"><span>T\u00e1rgy<\/span><\/label><input type=\"text\" name=\"cf3_field_3\" id=\"cf3_field_3\" class=\"single fldrequired\" value=\"\u00dczenet t\u00e1rgya\" onfocus=\"clearField(this)\" onblur=\"setField(this)\"\/><span class=\"reqtxt\">(sz\u00fcks\u00e9ges)<\/span><\/li>\n\t\t\t<li id=\"li-3-4\" class=\"\"><label id=\"label-3-4\" for=\"cf3_field_4\"><span>\u00dczenet<\/span><\/label><textarea cols=\"30\" rows=\"8\" name=\"cf3_field_4\" id=\"cf3_field_4\" class=\"area fldrequired\" onfocus=\"clearField(this)\" onblur=\"setField(this)\">\u00dczenet sz\u00f6vege<\/textarea><span class=\"reqtxt\">(sz\u00fcks\u00e9ges)<\/span><\/li>\n\t\t\t<li id=\"li-3-5\" class=\"\"><label id=\"label-3-5\" for=\"cforms_captcha3\" class=\"seccap\"><span>Ellen\u0151rz\u0151k\u00f3d<\/span><\/label><input type=\"text\" name=\"cforms_captcha3\" id=\"cforms_captcha3\" class=\"secinput\" value=\"\"\/><img id=\"cf_captcha_img3\" class=\"captcha\" src=\"https:\/\/www.morvaykrisztina.hu\/wp-content\/plugins\/cforms\/cforms-captcha.php?ts=3\" alt=\"\"\/><a title=\"captcha k\u00e9p alaphelyzetbe \u00e1ll\u00edt\u00e1sa\" href=\"javascript:reset_captcha('3')\"><img class=\"captcha-reset\" src=\"https:\/\/www.morvaykrisztina.hu\/wp-content\/plugins\/cforms\/images\/spacer.gif\" alt=\"Captcha\"\/><\/a><\/li>\n\t\t<\/ol>\n\t\t<fieldset class=\"cf_hidden\">\n\t\t\t<legend>&nbsp;<\/legend>\n\t\t\t<input type=\"hidden\" name=\"cf_working3\" id=\"cf_working3\" value=\"<span>Egy%20kis%20t%C3%BCrelmet...<\/span>\"\/>\n\t\t\t<input type=\"hidden\" name=\"cf_failure3\" id=\"cf_failure3\" value=\"<span>K%C3%A9rlek%2C%20t%C3%B6ltsd%20ki%20az%20%C3%B6sszes%20sz%C3%BCks%C3%A9ges%20mez%C5%91t%21<\/span>\"\/>\n\t\t\t<input type=\"hidden\" name=\"cf_codeerr3\" id=\"cf_codeerr3\" value=\"<span>K%C3%A9rlek%20gondosan%20ellen%C5%91rizd%20az%20ellen%C5%91rz%C5%91%20k%C3%B3dodat.<\/span>\"\/>\n\t\t\t<input type=\"hidden\" name=\"cf_customerr3\" id=\"cf_customerr3\" value=\"yyn\"\/>\n\t\t\t<input type=\"hidden\" name=\"cf_popup3\" id=\"cf_popup3\" value=\"nn\"\/>\n\t\t<\/fieldset>\n\t\t<p class=\"cf-sb\"><input type=\"submit\" name=\"sendbutton3\" id=\"sendbutton3\" class=\"sendbutton\" value=\"\" onclick=\"return cforms_validate('3', false)\"\/><\/p><\/form><p class=\"linklove\" id=\"ll3\"><a href=\"http:\/\/www.deliciousdays.com\/cforms-plugin\"><em>cforms<\/em> contact form by delicious:days<\/a><\/p>","protected":false},"excerpt":{"rendered":"<p>El\u00e9rhet\u0151s\u00e9geim Telefon: +36-20-489-5320 Email: morvay.krisztina@gmail.com Skype: morvay.krisztina MSN: morvay.krisztina@windowslive.com \u00dczenet k\u00fcld\u00e9se A fenti el\u00e9rhet\u0151s\u00e9geken k\u00edv\u00fcl az al\u00e1bbi \u0171rlap haszn\u00e1lat\u00e1val is kapcsolatban l\u00e9phet velem: N\u00e9v(sz\u00fcks\u00e9ges) Email(\u00e9rv\u00e9nyes email sz\u00fcks\u00e9ges) T\u00e1rgy(sz\u00fcks\u00e9ges) \u00dczenet\u00dczenet sz\u00f6vege(sz\u00fcks\u00e9ges) Ellen\u0151rz\u0151k\u00f3d &nbsp; cforms contact form by delicious:days<\/p>\n","protected":false},"author":1,"featured_media":0,"parent":0,"menu_order":5,"comment_status":"open","ping_status":"open","template":"","meta":{"footnotes":""},"_links":{"self":[{"href":"https:\/\/www.morvaykrisztina.hu\/hu\/wp-json\/wp\/v2\/pages\/15"}],"collection":[{"href":"https:\/\/www.morvaykrisztina.hu\/hu\/wp-json\/wp\/v2\/pages"}],"about":[{"href":"https:\/\/www.morvaykrisztina.hu\/hu\/wp-json\/wp\/v2\/types\/page"}],"author":[{"embeddable":true,"href":"https:\/\/www.morvaykrisztina.hu\/hu\/wp-json\/wp\/v2\/users\/1"}],"replies":[{"embeddable":true,"href":"https:\/\/www.morvaykrisztina.hu\/hu\/wp-json\/wp\/v2\/comments?post=15"}],"version-history":[{"count":0,"href":"https:\/\/www.morvaykrisztina.hu\/hu\/wp-json\/wp\/v2\/pages\/15\/revisions"}],"wp:attachment":[{"href":"https:\/\/www.morvaykrisztina.hu\/hu\/wp-json\/wp\/v2\/media?parent=15"}],"curies":[{"name":"wp","href":"https:\/\/api.w.org\/{rel}","templated":true}]}}