{"id":107,"date":"2011-09-18T17:04:45","date_gmt":"2011-09-18T15:04:45","guid":{"rendered":"https:\/\/www.morvaykrisztina.hu\/?page_id=107"},"modified":"2012-11-29T18:49:25","modified_gmt":"2012-11-29T17:49:25","slug":"forditasok","status":"publish","type":"page","link":"https:\/\/www.morvaykrisztina.hu\/hu\/szolgaltatasok\/forditasok\/","title":{"rendered":"Ford\u00edt\u00e1s"},"content":{"rendered":"<p><\/p>\n<h1>Ford\u00edt\u00e1s<\/h1>\n<p>A j\u00f3 ford\u00edt\u00e1shoz a nyelvismeret mellett elengedhetetlen a forr\u00e1snyelvi \u00e9s c\u00e9lnyelvi kult\u00fara alapos ismerete is, valamint a szakmai ig\u00e9nyess\u00e9g, a kreativit\u00e1s \u00e9s a megb\u00edzhat\u00f3s\u00e1g. <\/p>\n<p>A min\u0151s\u00e9g mellett kiemelten fontosnak tartom a v\u00e1llalt hat\u00e1rid\u0151k betart\u00e1s\u00e1t. A szakmai etikai ir\u00e1nyelvek k\u00f6z\u00e9 tartozik a titoktart\u00e1si k\u00f6telezetts\u00e9g, ennek \u00e9rtelm\u00e9ben semmilyen a tudom\u00e1somra jutott t\u00e9ny, adat, inform\u00e1ci\u00f3 nem ker\u00fcl illet\u00e9ktelen szem\u00e9ly tulajdon\u00e1ba.<\/p>\n<h3>Szakter\u00fcletek<\/h3>\n<ul>\n<li>Hivatalos dokument\u00e1ci\u00f3k<\/li>\n<li>\u00dczleti mag\u00e1nlevelez\u00e9sek<\/li>\n<li>El\u0151ad\u00e1sok, prezent\u00e1ci\u00f3k, besz\u00e1mol\u00f3k<\/li>\n<li>\u00c9rt\u00e9kes\u00edt\u00e9si, marketing t\u00e9m\u00e1j\u00fa dokumentumok<\/li>\n<li>K\u00e9rd\u0151\u00edvek<\/li>\n<li>Term\u00e9kismertet\u0151k<\/li>\n<li>Rekl\u00e1m- \u00e9s filmsz\u00f6vegek<\/li>\n<li>Honlap lokaliz\u00e1ci\u00f3<\/li>\n<li>Felhaszn\u00e1l\u00f3i k\u00e9zik\u00f6nyv, honlap-specifik\u00e1ci\u00f3<\/li>\n<li>Szakk\u00f6nyvek, sz\u00e9pirodalom<\/li>\n<li>K\u00f6rnyezetv\u00e9delem, b\u00fav\u00e1rkod\u00e1s<\/li>\n<\/ul>\n<h3>\u00c1rak<\/h3>\n<ul>\n<li>\u00c1ltal\u00e1nos sz\u00f6veg (angolr\u00f3l magyarra): 1,7 Ft\/le\u00fct\u00e9s<\/li>\n<li>\u00c1ltal\u00e1nos sz\u00f6veg (magyarr\u00f3l angolra): 2 Ft\/le\u00fct\u00e9s<\/li>\n<li>Szaksz\u00f6veg: (angolr\u00f3l magyarra): 2,1 Ft\/le\u00fct\u00e9s<\/li>\n<li>Szaksz\u00f6veg: (magyarr\u00f3l angolra): 2,4 Ft\/le\u00fct\u00e9s<\/li>\n<li>S\u00fcrg\u0151ss\u00e9gi fel\u00e1r: 20%<\/li>\n<li>Minimum megb\u00edz\u00e1si d\u00edj: 15 000 Ft<\/li>\n<li>Mennyis\u00e9gi kedvezm\u00e9ny: 50 000 le\u00fct\u00e9s felett 5%.<\/li>\n<\/ul>\n<p><strong>Az \u00e1rak az \u00c1F\u00c1-t nem tartalmazz\u00e1k.<\/strong><\/p>","protected":false},"excerpt":{"rendered":"<p>Ford\u00edt\u00e1s A j\u00f3 ford\u00edt\u00e1shoz a nyelvismeret mellett elengedhetetlen a forr\u00e1snyelvi \u00e9s c\u00e9lnyelvi kult\u00fara alapos ismerete is, valamint a szakmai ig\u00e9nyess\u00e9g, a kreativit\u00e1s \u00e9s a megb\u00edzhat\u00f3s\u00e1g. A min\u0151s\u00e9g mellett kiemelten fontosnak tartom a v\u00e1llalt hat\u00e1rid\u0151k betart\u00e1s\u00e1t. A szakmai etikai ir\u00e1nyelvek k\u00f6z\u00e9 tartozik a titoktart\u00e1si k\u00f6telezetts\u00e9g, ennek \u00e9rtelm\u00e9ben semmilyen a tudom\u00e1somra jutott t\u00e9ny, adat, inform\u00e1ci\u00f3 nem ker\u00fcl [&hellip;]<\/p>\n","protected":false},"author":1,"featured_media":0,"parent":5,"menu_order":1,"comment_status":"open","ping_status":"closed","template":"","meta":{"footnotes":""},"_links":{"self":[{"href":"https:\/\/www.morvaykrisztina.hu\/hu\/wp-json\/wp\/v2\/pages\/107"}],"collection":[{"href":"https:\/\/www.morvaykrisztina.hu\/hu\/wp-json\/wp\/v2\/pages"}],"about":[{"href":"https:\/\/www.morvaykrisztina.hu\/hu\/wp-json\/wp\/v2\/types\/page"}],"author":[{"embeddable":true,"href":"https:\/\/www.morvaykrisztina.hu\/hu\/wp-json\/wp\/v2\/users\/1"}],"replies":[{"embeddable":true,"href":"https:\/\/www.morvaykrisztina.hu\/hu\/wp-json\/wp\/v2\/comments?post=107"}],"version-history":[{"count":0,"href":"https:\/\/www.morvaykrisztina.hu\/hu\/wp-json\/wp\/v2\/pages\/107\/revisions"}],"up":[{"embeddable":true,"href":"https:\/\/www.morvaykrisztina.hu\/hu\/wp-json\/wp\/v2\/pages\/5"}],"wp:attachment":[{"href":"https:\/\/www.morvaykrisztina.hu\/hu\/wp-json\/wp\/v2\/media?parent=107"}],"curies":[{"name":"wp","href":"https:\/\/api.w.org\/{rel}","templated":true}]}}