{"id":10,"date":"2011-08-28T23:27:20","date_gmt":"2011-08-28T21:27:20","guid":{"rendered":"https:\/\/www.morvaykrisztina.hu\/?page_id=10"},"modified":"2012-11-29T19:06:41","modified_gmt":"2012-11-29T18:06:41","slug":"referenciak","status":"publish","type":"page","link":"https:\/\/www.morvaykrisztina.hu\/hu\/referenciak\/","title":{"rendered":"Referenci\u00e1k"},"content":{"rendered":"<p><\/p>\n<h1>Referenci\u00e1k<\/h1>\n<ul>\n<li><a href=\"\/referenciak\/konyvforditasok\/\">K\u00f6nyvford\u00edt\u00e1sok<\/a><\/li>\n<li><a href=\"\/referenciak\/szakforditasok\/\">Szakford\u00edt\u00e1sok<\/a><\/li>\n<\/ul>\n<p><\/p>","protected":false},"excerpt":{"rendered":"<p>Referenci\u00e1k K\u00f6nyvford\u00edt\u00e1sok Szakford\u00edt\u00e1sok<\/p>\n","protected":false},"author":1,"featured_media":0,"parent":0,"menu_order":3,"comment_status":"open","ping_status":"open","template":"","meta":{"footnotes":""},"_links":{"self":[{"href":"https:\/\/www.morvaykrisztina.hu\/hu\/wp-json\/wp\/v2\/pages\/10"}],"collection":[{"href":"https:\/\/www.morvaykrisztina.hu\/hu\/wp-json\/wp\/v2\/pages"}],"about":[{"href":"https:\/\/www.morvaykrisztina.hu\/hu\/wp-json\/wp\/v2\/types\/page"}],"author":[{"embeddable":true,"href":"https:\/\/www.morvaykrisztina.hu\/hu\/wp-json\/wp\/v2\/users\/1"}],"replies":[{"embeddable":true,"href":"https:\/\/www.morvaykrisztina.hu\/hu\/wp-json\/wp\/v2\/comments?post=10"}],"version-history":[{"count":0,"href":"https:\/\/www.morvaykrisztina.hu\/hu\/wp-json\/wp\/v2\/pages\/10\/revisions"}],"wp:attachment":[{"href":"https:\/\/www.morvaykrisztina.hu\/hu\/wp-json\/wp\/v2\/media?parent=10"}],"curies":[{"name":"wp","href":"https:\/\/api.w.org\/{rel}","templated":true}]}}