{"id":929,"date":"2011-12-15T10:49:37","date_gmt":"2011-12-15T09:49:37","guid":{"rendered":"https:\/\/www.morvaykrisztina.hu\/?page_id=929"},"modified":"2015-02-07T15:03:35","modified_gmt":"2015-02-07T14:03:35","slug":"lablec-konyvforditasok-erica-bauermeister-izek-eletre-halalra","status":"publish","type":"page","link":"https:\/\/www.morvaykrisztina.hu\/en\/lablec\/lablec-konyvforditasok-erica-bauermeister-izek-eletre-halalra\/","title":{"rendered":"L\u00e1bl\u00e9c &#8211; K\u00f6nyvford\u00edt\u00e1sok &#8211; Erica Bauermeister &#8211; School of Essential Ingredients"},"content":{"rendered":"<p><\/p>\n<div><img decoding=\"async\" src=\"\/wp-content\/uploads\/Erica_Bauermeister_-_School_of_Essential_Ingredients.jpg\" alt=\"Erica Bauermeister - School of Essential Ingredients\" title=\"Erica Bauermeister - School of Essential Ingredients\" \/><br \/>\n<span class=\"elem-cim\">Erica Bauermeister<\/span><br \/>\n<span class=\"elem-alcim\">School of Essential Ingredients<\/span><br \/>\n<span class=\"elem-text\">A &#8220;heartbreakingly delicious&#8221; national bestseller about a chef, her students, and the evocative lessons that food teaches about life&#8230;<\/span><a href=\"\/en\/referenciak\/kategoriak\/erica-bauermeister-izek-eletre-halalra\/\">more<\/a><\/div>\n<p><\/p>","protected":false},"excerpt":{"rendered":"<p>Erica Bauermeister School of Essential Ingredients A &#8220;heartbreakingly delicious&#8221; national bestseller about a chef, her students, and the evocative lessons that food teaches about life&#8230;more<\/p>\n","protected":false},"author":1,"featured_media":0,"parent":246,"menu_order":0,"comment_status":"open","ping_status":"open","template":"","meta":{"footnotes":""},"_links":{"self":[{"href":"https:\/\/www.morvaykrisztina.hu\/en\/wp-json\/wp\/v2\/pages\/929"}],"collection":[{"href":"https:\/\/www.morvaykrisztina.hu\/en\/wp-json\/wp\/v2\/pages"}],"about":[{"href":"https:\/\/www.morvaykrisztina.hu\/en\/wp-json\/wp\/v2\/types\/page"}],"author":[{"embeddable":true,"href":"https:\/\/www.morvaykrisztina.hu\/en\/wp-json\/wp\/v2\/users\/1"}],"replies":[{"embeddable":true,"href":"https:\/\/www.morvaykrisztina.hu\/en\/wp-json\/wp\/v2\/comments?post=929"}],"version-history":[{"count":0,"href":"https:\/\/www.morvaykrisztina.hu\/en\/wp-json\/wp\/v2\/pages\/929\/revisions"}],"up":[{"embeddable":true,"href":"https:\/\/www.morvaykrisztina.hu\/en\/wp-json\/wp\/v2\/pages\/246"}],"wp:attachment":[{"href":"https:\/\/www.morvaykrisztina.hu\/en\/wp-json\/wp\/v2\/media?parent=929"}],"curies":[{"name":"wp","href":"https:\/\/api.w.org\/{rel}","templated":true}]}}