{"id":754,"date":"2011-12-07T10:00:48","date_gmt":"2011-12-07T09:00:48","guid":{"rendered":"https:\/\/www.morvaykrisztina.hu\/?page_id=754"},"modified":"2015-02-07T14:34:05","modified_gmt":"2015-02-07T13:34:05","slug":"lablec-konyvforditasok-tami-hoag-elhantolt-igazsag","status":"publish","type":"page","link":"https:\/\/www.morvaykrisztina.hu\/en\/lablec\/lablec-konyvforditasok-tami-hoag-elhantolt-igazsag\/","title":{"rendered":"L\u00e1bl\u00e9c &#8211; K\u00f6nyvford\u00edt\u00e1sok &#8211; Tami Hoag &#8211; Deeper Than the Dead"},"content":{"rendered":"<p><\/p>\n<div><img decoding=\"async\" src=\"\/wp-content\/uploads\/Tami_Hoag_-_Deeper_Than_the_Dead.jpg\" alt=\"Tami Hoag - Deeper Than the Dead\" title=\"Tami Hoag - Deeper Than the Dead\" \/><br \/>\n<span class=\"elem-cim\">Tami Hoag<\/span><br \/>\n<span class=\"elem-alcim\">Deeper Than the Dead<\/span><br \/>\n<span class=\"elem-text\">Tami Hoag is in a class by herself, beloved by readers and critic s alike, with more than 22 million copies of her books in print&#8230;.<\/span><a href=\"\/en\/referenciak\/kategoriak\/tami-hoag-elhantolt-igazsag\/\">more<\/a><\/div>\n<p><\/p>","protected":false},"excerpt":{"rendered":"<p>Tami Hoag Deeper Than the Dead Tami Hoag is in a class by herself, beloved by readers and critic s alike, with more than 22 million copies of her books in print&#8230;.more<\/p>\n","protected":false},"author":1,"featured_media":0,"parent":246,"menu_order":0,"comment_status":"open","ping_status":"open","template":"","meta":{"footnotes":""},"_links":{"self":[{"href":"https:\/\/www.morvaykrisztina.hu\/en\/wp-json\/wp\/v2\/pages\/754"}],"collection":[{"href":"https:\/\/www.morvaykrisztina.hu\/en\/wp-json\/wp\/v2\/pages"}],"about":[{"href":"https:\/\/www.morvaykrisztina.hu\/en\/wp-json\/wp\/v2\/types\/page"}],"author":[{"embeddable":true,"href":"https:\/\/www.morvaykrisztina.hu\/en\/wp-json\/wp\/v2\/users\/1"}],"replies":[{"embeddable":true,"href":"https:\/\/www.morvaykrisztina.hu\/en\/wp-json\/wp\/v2\/comments?post=754"}],"version-history":[{"count":0,"href":"https:\/\/www.morvaykrisztina.hu\/en\/wp-json\/wp\/v2\/pages\/754\/revisions"}],"up":[{"embeddable":true,"href":"https:\/\/www.morvaykrisztina.hu\/en\/wp-json\/wp\/v2\/pages\/246"}],"wp:attachment":[{"href":"https:\/\/www.morvaykrisztina.hu\/en\/wp-json\/wp\/v2\/media?parent=754"}],"curies":[{"name":"wp","href":"https:\/\/api.w.org\/{rel}","templated":true}]}}