{"id":740,"date":"2011-12-07T09:49:40","date_gmt":"2011-12-07T08:49:40","guid":{"rendered":"https:\/\/www.morvaykrisztina.hu\/?page_id=740"},"modified":"2015-02-07T15:04:29","modified_gmt":"2015-02-07T14:04:29","slug":"lablec-konyvforditasok-carl-bernstein-hillary-a-no-es-a-hatalom","status":"publish","type":"page","link":"https:\/\/www.morvaykrisztina.hu\/en\/lablec\/lablec-konyvforditasok-carl-bernstein-hillary-a-no-es-a-hatalom\/","title":{"rendered":"L\u00e1bl\u00e9c &#8211; K\u00f6nyvford\u00edt\u00e1sok &#8211; Carl Bernstein &#8211; Hillary &#8211; Woman in Charge"},"content":{"rendered":"<p><\/p>\n<div><img decoding=\"async\" src=\"\/wp-content\/uploads\/Carl_Bernstein_-_Hillary_-_Woman_in_Charge.jpg\" alt=\"Carl Bernstein - Hillary \u2013 Woman in Charge\" title=\"Carl Bernstein - Hillary \u2013 Woman in Charge\" \/><br \/>\n<span class=\"elem-cim\">Carl Bernstein<\/span><br \/>\n<span class=\"elem-alcim\">Hillary &#8211; Woman in Charge<\/span><br \/>\n<span class=\"elem-text\">A Woman in Charge is Pulitzer Prize-winning journalist Carl Bernstein&#8217;s illuminating account of Hillary Rodham Clinton&#8230;<\/span><a href=\"\/en\/referenciak\/kategoriak\/carl-bernstein-hillary-a-no-es-a-hatalom\/\">more<\/a><\/div>\n<p><\/p>","protected":false},"excerpt":{"rendered":"<p>Carl Bernstein Hillary &#8211; Woman in Charge A Woman in Charge is Pulitzer Prize-winning journalist Carl Bernstein&#8217;s illuminating account of Hillary Rodham Clinton&#8230;more<\/p>\n","protected":false},"author":1,"featured_media":0,"parent":246,"menu_order":0,"comment_status":"open","ping_status":"open","template":"","meta":{"footnotes":""},"_links":{"self":[{"href":"https:\/\/www.morvaykrisztina.hu\/en\/wp-json\/wp\/v2\/pages\/740"}],"collection":[{"href":"https:\/\/www.morvaykrisztina.hu\/en\/wp-json\/wp\/v2\/pages"}],"about":[{"href":"https:\/\/www.morvaykrisztina.hu\/en\/wp-json\/wp\/v2\/types\/page"}],"author":[{"embeddable":true,"href":"https:\/\/www.morvaykrisztina.hu\/en\/wp-json\/wp\/v2\/users\/1"}],"replies":[{"embeddable":true,"href":"https:\/\/www.morvaykrisztina.hu\/en\/wp-json\/wp\/v2\/comments?post=740"}],"version-history":[{"count":0,"href":"https:\/\/www.morvaykrisztina.hu\/en\/wp-json\/wp\/v2\/pages\/740\/revisions"}],"up":[{"embeddable":true,"href":"https:\/\/www.morvaykrisztina.hu\/en\/wp-json\/wp\/v2\/pages\/246"}],"wp:attachment":[{"href":"https:\/\/www.morvaykrisztina.hu\/en\/wp-json\/wp\/v2\/media?parent=740"}],"curies":[{"name":"wp","href":"https:\/\/api.w.org\/{rel}","templated":true}]}}