{"id":736,"date":"2011-12-07T09:46:16","date_gmt":"2011-12-07T08:46:16","guid":{"rendered":"https:\/\/www.morvaykrisztina.hu\/?page_id=736"},"modified":"2015-02-07T14:36:24","modified_gmt":"2015-02-07T13:36:24","slug":"lablec-konyvforditasok-patricia-cornwell-a-halal-nyomaban","status":"publish","type":"page","link":"https:\/\/www.morvaykrisztina.hu\/en\/lablec\/lablec-konyvforditasok-patricia-cornwell-a-halal-nyomaban\/","title":{"rendered":"L\u00e1bl\u00e9c &#8211; K\u00f6nyvford\u00edt\u00e1sok &#8211; Patricia Cornwell &#8211; Trace"},"content":{"rendered":"<p><\/p>\n<div><img decoding=\"async\" src=\"\/wp-content\/uploads\/Patricia_Cornwell_-_Trace.jpg\" alt=\"Patricia Cornwell - Trace\" title=\"Patricia Cornwell - Trace\" \/><br \/>\n<span class=\"elem-cim\">Patricia Cornwell<\/span><br \/>\n<span class=\"elem-alcim\">Trace<\/span><br \/>\n<span class=\"elem-text\">Now freelancing from south Florida, Dr. Kay Scarpetta returns to Richmond, Virginia, the city that turned its back on her five years ago&#8230;<\/span><a href=\"\/en\/referenciak\/kategoriak\/patricia-cornwell-a-halal-nyomaban\/\">more<\/a><\/div>\n<p><\/p>","protected":false},"excerpt":{"rendered":"<p>Patricia Cornwell Trace Now freelancing from south Florida, Dr. Kay Scarpetta returns to Richmond, Virginia, the city that turned its back on her five years ago&#8230;more<\/p>\n","protected":false},"author":1,"featured_media":0,"parent":246,"menu_order":0,"comment_status":"open","ping_status":"open","template":"","meta":{"footnotes":""},"_links":{"self":[{"href":"https:\/\/www.morvaykrisztina.hu\/en\/wp-json\/wp\/v2\/pages\/736"}],"collection":[{"href":"https:\/\/www.morvaykrisztina.hu\/en\/wp-json\/wp\/v2\/pages"}],"about":[{"href":"https:\/\/www.morvaykrisztina.hu\/en\/wp-json\/wp\/v2\/types\/page"}],"author":[{"embeddable":true,"href":"https:\/\/www.morvaykrisztina.hu\/en\/wp-json\/wp\/v2\/users\/1"}],"replies":[{"embeddable":true,"href":"https:\/\/www.morvaykrisztina.hu\/en\/wp-json\/wp\/v2\/comments?post=736"}],"version-history":[{"count":0,"href":"https:\/\/www.morvaykrisztina.hu\/en\/wp-json\/wp\/v2\/pages\/736\/revisions"}],"up":[{"embeddable":true,"href":"https:\/\/www.morvaykrisztina.hu\/en\/wp-json\/wp\/v2\/pages\/246"}],"wp:attachment":[{"href":"https:\/\/www.morvaykrisztina.hu\/en\/wp-json\/wp\/v2\/media?parent=736"}],"curies":[{"name":"wp","href":"https:\/\/api.w.org\/{rel}","templated":true}]}}