{"id":721,"date":"2011-12-06T23:43:26","date_gmt":"2011-12-06T22:43:26","guid":{"rendered":"https:\/\/www.morvaykrisztina.hu\/?page_id=721"},"modified":"2015-02-07T15:03:19","modified_gmt":"2015-02-07T14:03:19","slug":"lablec-konyvforditasok-james-herbert-sotet-titkok-haza","status":"publish","type":"page","link":"https:\/\/www.morvaykrisztina.hu\/en\/lablec\/lablec-konyvforditasok-james-herbert-sotet-titkok-haza\/","title":{"rendered":"L\u00e1bl\u00e9c &#8211; K\u00f6nyvford\u00edt\u00e1sok &#8211; James Herbert &#8211; The Secret of Crickley Hall"},"content":{"rendered":"<p><\/p>\n<div><img decoding=\"async\" src=\"\/wp-content\/uploads\/James_Herbert_-_The_Secret_of_Crickley_Hall.jpg\" alt=\"James Herbert - The Secret of Crickley Hall\" title=\"James Herbert - The Secret of Crickley Hall\" \/><br \/>\n<span class=\"elem-cim\">James Herbert<\/span><br \/>\n<span class=\"elem-alcim\">The Secret of Crickley Hall<\/span><br \/>\n<span class=\"elem-text\">There is an old, empty house in Devils Cleave, a deep gorge that leads from the high moors down to the harbour village of Hollow Bay&#8230;<\/span><a href=\"\/en\/referenciak\/kategoriak\/james-herbert-sotet-titkok-haza\/\">more<\/a><\/div>\n<p><\/p>","protected":false},"excerpt":{"rendered":"<p>James Herbert The Secret of Crickley Hall There is an old, empty house in Devils Cleave, a deep gorge that leads from the high moors down to the harbour village of Hollow Bay&#8230;more<\/p>\n","protected":false},"author":1,"featured_media":0,"parent":246,"menu_order":0,"comment_status":"open","ping_status":"open","template":"","meta":{"footnotes":""},"_links":{"self":[{"href":"https:\/\/www.morvaykrisztina.hu\/en\/wp-json\/wp\/v2\/pages\/721"}],"collection":[{"href":"https:\/\/www.morvaykrisztina.hu\/en\/wp-json\/wp\/v2\/pages"}],"about":[{"href":"https:\/\/www.morvaykrisztina.hu\/en\/wp-json\/wp\/v2\/types\/page"}],"author":[{"embeddable":true,"href":"https:\/\/www.morvaykrisztina.hu\/en\/wp-json\/wp\/v2\/users\/1"}],"replies":[{"embeddable":true,"href":"https:\/\/www.morvaykrisztina.hu\/en\/wp-json\/wp\/v2\/comments?post=721"}],"version-history":[{"count":0,"href":"https:\/\/www.morvaykrisztina.hu\/en\/wp-json\/wp\/v2\/pages\/721\/revisions"}],"up":[{"embeddable":true,"href":"https:\/\/www.morvaykrisztina.hu\/en\/wp-json\/wp\/v2\/pages\/246"}],"wp:attachment":[{"href":"https:\/\/www.morvaykrisztina.hu\/en\/wp-json\/wp\/v2\/media?parent=721"}],"curies":[{"name":"wp","href":"https:\/\/api.w.org\/{rel}","templated":true}]}}