{"id":715,"date":"2011-12-06T23:36:16","date_gmt":"2011-12-06T22:36:16","guid":{"rendered":"https:\/\/www.morvaykrisztina.hu\/?page_id=715"},"modified":"2015-02-07T14:57:45","modified_gmt":"2015-02-07T13:57:45","slug":"lablec-konyvforditasok-jeffery-deaver-a-tizenkettedik-kartya","status":"publish","type":"page","link":"https:\/\/www.morvaykrisztina.hu\/en\/lablec\/lablec-konyvforditasok-jeffery-deaver-a-tizenkettedik-kartya\/","title":{"rendered":"L\u00e1bl\u00e9c &#8211; K\u00f6nyvford\u00edt\u00e1sok &#8211; Jeffery Deaver &#8211; The Twelfth Card"},"content":{"rendered":"<p><\/p>\n<div><img decoding=\"async\" src=\"\/wp-content\/uploads\/Jeffery_Deaver_-_The_Twelfth_Card.jpg\" alt=\"Jeffery Deaver - The Twelfth Card\" title=\"Jeffery Deaver - The Twelfth Card\" \/><br \/>\n<span class=\"elem-cim\">Jeffery Deaver<\/span><br \/>\n<span class=\"elem-alcim\">The Twelfth Card<\/span><br \/>\n<span class=\"elem-text\">The Twelfth Card is a two-day cat-and-mouse chase through the streets of uptown Manhattan, as quadriplegic detective Lincoln Rhyme&#8230;<\/span><a href=\"\/en\/referenciak\/kategoriak\/jeffery-deaver-a-tizenkettedik-kartya\/\">more<\/a><\/div>\n<p><\/p>","protected":false},"excerpt":{"rendered":"<p>Jeffery Deaver The Twelfth Card The Twelfth Card is a two-day cat-and-mouse chase through the streets of uptown Manhattan, as quadriplegic detective Lincoln Rhyme&#8230;more<\/p>\n","protected":false},"author":1,"featured_media":0,"parent":246,"menu_order":0,"comment_status":"open","ping_status":"open","template":"","meta":{"footnotes":""},"_links":{"self":[{"href":"https:\/\/www.morvaykrisztina.hu\/en\/wp-json\/wp\/v2\/pages\/715"}],"collection":[{"href":"https:\/\/www.morvaykrisztina.hu\/en\/wp-json\/wp\/v2\/pages"}],"about":[{"href":"https:\/\/www.morvaykrisztina.hu\/en\/wp-json\/wp\/v2\/types\/page"}],"author":[{"embeddable":true,"href":"https:\/\/www.morvaykrisztina.hu\/en\/wp-json\/wp\/v2\/users\/1"}],"replies":[{"embeddable":true,"href":"https:\/\/www.morvaykrisztina.hu\/en\/wp-json\/wp\/v2\/comments?post=715"}],"version-history":[{"count":0,"href":"https:\/\/www.morvaykrisztina.hu\/en\/wp-json\/wp\/v2\/pages\/715\/revisions"}],"up":[{"embeddable":true,"href":"https:\/\/www.morvaykrisztina.hu\/en\/wp-json\/wp\/v2\/pages\/246"}],"wp:attachment":[{"href":"https:\/\/www.morvaykrisztina.hu\/en\/wp-json\/wp\/v2\/media?parent=715"}],"curies":[{"name":"wp","href":"https:\/\/api.w.org\/{rel}","templated":true}]}}