{"id":694,"date":"2011-12-06T23:18:02","date_gmt":"2011-12-06T22:18:02","guid":{"rendered":"https:\/\/www.morvaykrisztina.hu\/?page_id=694"},"modified":"2015-02-07T15:04:46","modified_gmt":"2015-02-07T14:04:46","slug":"lablec-konyvforditasok-albert-demeo-apam-buneiert","status":"publish","type":"page","link":"https:\/\/www.morvaykrisztina.hu\/en\/lablec\/lablec-konyvforditasok-albert-demeo-apam-buneiert\/","title":{"rendered":"L\u00e1bl\u00e9c &#8211; K\u00f6nyvford\u00edt\u00e1sok &#8211; Albert DeMeo &#8211; For the Sins of My Father"},"content":{"rendered":"<p><\/p>\n<div><img decoding=\"async\" title=\"Albert DeMeo -  For the Sins of My Father\" src=\"\/wp-content\/uploads\/Albert_DeMeo_-_For_the_Sins_of_My_Father.jpg\" alt=\"Albert DeMeo -  For the Sins of My Father\" \/><br \/>\n<span class=\"elem-cim\">Albert DeMeo<\/span><br \/>\n<span class=\"elem-alcim\">For the Sins of My Father<\/span><br \/>\n<span class=\"elem-text\">For the Sins of My Father recounts the chilling rise and fall of the man who led the Gambino family&#8217;s most fearsome killers and thieves, through the eyes of a son who had never known&#8230;<\/span><a href=\"\/en\/referenciak\/kategoriak\/albert-demeo-apam-buneiert\/\">more<\/a><\/div>\n<p><\/p>","protected":false},"excerpt":{"rendered":"<p>Albert DeMeo For the Sins of My Father For the Sins of My Father recounts the chilling rise and fall of the man who led the Gambino family&#8217;s most fearsome killers and thieves, through the eyes of a son who had never known&#8230;more<\/p>\n","protected":false},"author":1,"featured_media":0,"parent":246,"menu_order":0,"comment_status":"open","ping_status":"open","template":"","meta":{"footnotes":""},"_links":{"self":[{"href":"https:\/\/www.morvaykrisztina.hu\/en\/wp-json\/wp\/v2\/pages\/694"}],"collection":[{"href":"https:\/\/www.morvaykrisztina.hu\/en\/wp-json\/wp\/v2\/pages"}],"about":[{"href":"https:\/\/www.morvaykrisztina.hu\/en\/wp-json\/wp\/v2\/types\/page"}],"author":[{"embeddable":true,"href":"https:\/\/www.morvaykrisztina.hu\/en\/wp-json\/wp\/v2\/users\/1"}],"replies":[{"embeddable":true,"href":"https:\/\/www.morvaykrisztina.hu\/en\/wp-json\/wp\/v2\/comments?post=694"}],"version-history":[{"count":0,"href":"https:\/\/www.morvaykrisztina.hu\/en\/wp-json\/wp\/v2\/pages\/694\/revisions"}],"up":[{"embeddable":true,"href":"https:\/\/www.morvaykrisztina.hu\/en\/wp-json\/wp\/v2\/pages\/246"}],"wp:attachment":[{"href":"https:\/\/www.morvaykrisztina.hu\/en\/wp-json\/wp\/v2\/media?parent=694"}],"curies":[{"name":"wp","href":"https:\/\/api.w.org\/{rel}","templated":true}]}}