{"id":678,"date":"2011-12-06T23:01:06","date_gmt":"2011-12-06T22:01:06","guid":{"rendered":"https:\/\/www.morvaykrisztina.hu\/?page_id=678"},"modified":"2015-02-07T15:04:02","modified_gmt":"2015-02-07T14:04:02","slug":"lablec-konyvforditasok-dr-anne-deans-a-terhesseg-abc-je","status":"publish","type":"page","link":"https:\/\/www.morvaykrisztina.hu\/en\/lablec\/lablec-konyvforditasok-dr-anne-deans-a-terhesseg-abc-je\/","title":{"rendered":"L\u00e1bl\u00e9c &#8211; K\u00f6nyvford\u00edt\u00e1sok &#8211; Dr. Anne Deans &#8211; Your Pregnancy Bible"},"content":{"rendered":"<p><\/p>\n<div><img decoding=\"async\" src=\"\/wp-content\/uploads\/Dr_Anne_Deans_-_Your_Pregnancy_Bible.jpg\" alt=\"Dr. Anne Deans - Your Pregnancy Bible\" title=\"Dr. Anne Deans - Your Pregnancy Bible\" \/><br \/>\n<span class=\"elem-cim\">Dr. Anne Deans<\/span><br \/>\n<span class=\"elem-alcim\">Your Pregnancy Bible<\/span><br \/>\n<span class=\"elem-text\">Written by a team of eminent specialists, it is filled with everything prospective parents need to know about creating&#8230;<\/span><a href=\"\/en\/referenciak\/kategoriak\/dr-anne-deans-a-terhesseg-abc-je\/\">more<\/a><\/div>\n<p><\/p>","protected":false},"excerpt":{"rendered":"<p>Dr. Anne Deans Your Pregnancy Bible Written by a team of eminent specialists, it is filled with everything prospective parents need to know about creating&#8230;more<\/p>\n","protected":false},"author":1,"featured_media":0,"parent":246,"menu_order":0,"comment_status":"open","ping_status":"open","template":"","meta":{"footnotes":""},"_links":{"self":[{"href":"https:\/\/www.morvaykrisztina.hu\/en\/wp-json\/wp\/v2\/pages\/678"}],"collection":[{"href":"https:\/\/www.morvaykrisztina.hu\/en\/wp-json\/wp\/v2\/pages"}],"about":[{"href":"https:\/\/www.morvaykrisztina.hu\/en\/wp-json\/wp\/v2\/types\/page"}],"author":[{"embeddable":true,"href":"https:\/\/www.morvaykrisztina.hu\/en\/wp-json\/wp\/v2\/users\/1"}],"replies":[{"embeddable":true,"href":"https:\/\/www.morvaykrisztina.hu\/en\/wp-json\/wp\/v2\/comments?post=678"}],"version-history":[{"count":0,"href":"https:\/\/www.morvaykrisztina.hu\/en\/wp-json\/wp\/v2\/pages\/678\/revisions"}],"up":[{"embeddable":true,"href":"https:\/\/www.morvaykrisztina.hu\/en\/wp-json\/wp\/v2\/pages\/246"}],"wp:attachment":[{"href":"https:\/\/www.morvaykrisztina.hu\/en\/wp-json\/wp\/v2\/media?parent=678"}],"curies":[{"name":"wp","href":"https:\/\/api.w.org\/{rel}","templated":true}]}}