{"id":654,"date":"2011-12-06T22:39:06","date_gmt":"2011-12-06T21:39:06","guid":{"rendered":"https:\/\/www.morvaykrisztina.hu\/?page_id=654"},"modified":"2015-02-07T14:57:28","modified_gmt":"2015-02-07T13:57:28","slug":"lablec-konyvforditasok-larry-verstraete-tulelok-visszateres-a-halal-torkabol","status":"publish","type":"page","link":"https:\/\/www.morvaykrisztina.hu\/en\/lablec\/lablec-konyvforditasok-larry-verstraete-tulelok-visszateres-a-halal-torkabol\/","title":{"rendered":"L\u00e1bl\u00e9c &#8211; K\u00f6nyvford\u00edt\u00e1sok &#8211; Larry Verstraete &#8211; Survivors"},"content":{"rendered":"<p><\/p>\n<div><img decoding=\"async\" src=\"\/wp-content\/uploads\/Larry_Verstraete_-_Survivors.jpg\" alt=\"Larry Verstraete - Survivors\" title=\"Larry Verstraete - Survivors\" \/><br \/>\n<span class=\"elem-cim\">Larry Verstraete<\/span><br \/>\n<span class=\"elem-alcim\">Survivors<\/span><br \/>\n<span class=\"elem-text\">Think about your worst fears &#8211; being attacked by a wild animal, swept away by a killer storm, trapped in a wrecked car or a burning building&#8230;<\/span><a href=\"\/en\/referenciak\/kategoriak\/larry-verstraete-tulelok-visszateres-a-halal-torkabol\/\">more<\/a><\/div>\n<p><\/p>","protected":false},"excerpt":{"rendered":"<p>Larry Verstraete Survivors Think about your worst fears &#8211; being attacked by a wild animal, swept away by a killer storm, trapped in a wrecked car or a burning building&#8230;more<\/p>\n","protected":false},"author":1,"featured_media":0,"parent":246,"menu_order":0,"comment_status":"open","ping_status":"open","template":"","meta":{"footnotes":""},"_links":{"self":[{"href":"https:\/\/www.morvaykrisztina.hu\/en\/wp-json\/wp\/v2\/pages\/654"}],"collection":[{"href":"https:\/\/www.morvaykrisztina.hu\/en\/wp-json\/wp\/v2\/pages"}],"about":[{"href":"https:\/\/www.morvaykrisztina.hu\/en\/wp-json\/wp\/v2\/types\/page"}],"author":[{"embeddable":true,"href":"https:\/\/www.morvaykrisztina.hu\/en\/wp-json\/wp\/v2\/users\/1"}],"replies":[{"embeddable":true,"href":"https:\/\/www.morvaykrisztina.hu\/en\/wp-json\/wp\/v2\/comments?post=654"}],"version-history":[{"count":0,"href":"https:\/\/www.morvaykrisztina.hu\/en\/wp-json\/wp\/v2\/pages\/654\/revisions"}],"up":[{"embeddable":true,"href":"https:\/\/www.morvaykrisztina.hu\/en\/wp-json\/wp\/v2\/pages\/246"}],"wp:attachment":[{"href":"https:\/\/www.morvaykrisztina.hu\/en\/wp-json\/wp\/v2\/media?parent=654"}],"curies":[{"name":"wp","href":"https:\/\/api.w.org\/{rel}","templated":true}]}}