{"id":604,"date":"2011-12-06T21:23:41","date_gmt":"2011-12-06T20:23:41","guid":{"rendered":"https:\/\/www.morvaykrisztina.hu\/?page_id=604"},"modified":"2015-02-07T14:36:50","modified_gmt":"2015-02-07T13:36:50","slug":"lablec-konyvforditasok-michael-connelly-halalos-verseny-a-milliardokat-ero-tizcentesert","status":"publish","type":"page","link":"https:\/\/www.morvaykrisztina.hu\/en\/lablec\/lablec-konyvforditasok-michael-connelly-halalos-verseny-a-milliardokat-ero-tizcentesert\/","title":{"rendered":"L\u00e1bl\u00e9c &#8211; K\u00f6nyvford\u00edt\u00e1sok &#8211; Michael Connelly &#8211; Chasing the Dime"},"content":{"rendered":"<p><\/p>\n<div><img decoding=\"async\" src=\"\/wp-content\/uploads\/Michael_Connelly_-_Chasing_the_Dime.jpg\" alt=\"Michael Connelly - Chasing the Dime\" title=\"Michael Connelly - Chasing the Dime\" \/><br \/>\n<span class=\"elem-cim\">Michael Connelly<\/span><br \/>\n<span class=\"elem-alcim\">Chasing the Dime<\/span><br \/>\n<span class=\"elem-text\">Henry Pierce is about to become very rich&#8211;as soon as his firm, Amedeo Technologies, gets an infusion of capital from a big backer&#8230;<\/span><a href=\"\/en\/referenciak\/kategoriak\/michael-connelly-halalos-verseny-a-milliardokat-ero-tizcentesert\/\">more<\/a><\/div>\n<p><\/p>","protected":false},"excerpt":{"rendered":"<p>Michael Connelly Chasing the Dime Henry Pierce is about to become very rich&#8211;as soon as his firm, Amedeo Technologies, gets an infusion of capital from a big backer&#8230;more<\/p>\n","protected":false},"author":1,"featured_media":0,"parent":246,"menu_order":0,"comment_status":"open","ping_status":"open","template":"","meta":{"footnotes":""},"_links":{"self":[{"href":"https:\/\/www.morvaykrisztina.hu\/en\/wp-json\/wp\/v2\/pages\/604"}],"collection":[{"href":"https:\/\/www.morvaykrisztina.hu\/en\/wp-json\/wp\/v2\/pages"}],"about":[{"href":"https:\/\/www.morvaykrisztina.hu\/en\/wp-json\/wp\/v2\/types\/page"}],"author":[{"embeddable":true,"href":"https:\/\/www.morvaykrisztina.hu\/en\/wp-json\/wp\/v2\/users\/1"}],"replies":[{"embeddable":true,"href":"https:\/\/www.morvaykrisztina.hu\/en\/wp-json\/wp\/v2\/comments?post=604"}],"version-history":[{"count":0,"href":"https:\/\/www.morvaykrisztina.hu\/en\/wp-json\/wp\/v2\/pages\/604\/revisions"}],"up":[{"embeddable":true,"href":"https:\/\/www.morvaykrisztina.hu\/en\/wp-json\/wp\/v2\/pages\/246"}],"wp:attachment":[{"href":"https:\/\/www.morvaykrisztina.hu\/en\/wp-json\/wp\/v2\/media?parent=604"}],"curies":[{"name":"wp","href":"https:\/\/api.w.org\/{rel}","templated":true}]}}