{"id":567,"date":"2011-12-06T20:53:23","date_gmt":"2011-12-06T19:53:23","guid":{"rendered":"https:\/\/www.morvaykrisztina.hu\/?page_id=567"},"modified":"2015-02-07T15:03:43","modified_gmt":"2015-02-07T14:03:43","slug":"lablec-konyvforditasok-dr-richard-c-woolfson-boldog-tipegok","status":"publish","type":"page","link":"https:\/\/www.morvaykrisztina.hu\/en\/lablec\/lablec-konyvforditasok-dr-richard-c-woolfson-boldog-tipegok\/","title":{"rendered":"L\u00e1bl\u00e9c &#8211; K\u00f6nyvford\u00edt\u00e1sok &#8211; Dr. Richard C. Woolfson &#8211; Bright Toddler"},"content":{"rendered":"<p><\/p>\n<div><img decoding=\"async\" src=\"\/wp-content\/uploads\/Dr_Richard_C_Woolfson_-_Bright_Toddler.jpg\" alt=\"Dr. Richard C. Woolfson - Bright Toddler\" title=\"Dr. Richard C. Woolfson - Bright Toddler\" \/><br \/>\n<span class=\"elem-cim\">Dr. Richard C. Woolfson<\/span><br \/>\n<span class=\"elem-alcim\">Bright Toddler<\/span><br \/>\n<span class=\"elem-text\">His companion volume to Doctor Woolfson&#8217;s Bright Baby &#8211; covers child development from approximately 15 months to age three&#8230;<\/span><a href=\"\/en\/referenciak\/kategoriak\/dr-richard-c-woolfson-boldog-tipegok\/\">more<\/a><\/div>\n<p><\/p>","protected":false},"excerpt":{"rendered":"<p>Dr. Richard C. Woolfson Bright Toddler His companion volume to Doctor Woolfson&#8217;s Bright Baby &#8211; covers child development from approximately 15 months to age three&#8230;more<\/p>\n","protected":false},"author":1,"featured_media":0,"parent":246,"menu_order":0,"comment_status":"open","ping_status":"open","template":"","meta":{"footnotes":""},"_links":{"self":[{"href":"https:\/\/www.morvaykrisztina.hu\/en\/wp-json\/wp\/v2\/pages\/567"}],"collection":[{"href":"https:\/\/www.morvaykrisztina.hu\/en\/wp-json\/wp\/v2\/pages"}],"about":[{"href":"https:\/\/www.morvaykrisztina.hu\/en\/wp-json\/wp\/v2\/types\/page"}],"author":[{"embeddable":true,"href":"https:\/\/www.morvaykrisztina.hu\/en\/wp-json\/wp\/v2\/users\/1"}],"replies":[{"embeddable":true,"href":"https:\/\/www.morvaykrisztina.hu\/en\/wp-json\/wp\/v2\/comments?post=567"}],"version-history":[{"count":0,"href":"https:\/\/www.morvaykrisztina.hu\/en\/wp-json\/wp\/v2\/pages\/567\/revisions"}],"up":[{"embeddable":true,"href":"https:\/\/www.morvaykrisztina.hu\/en\/wp-json\/wp\/v2\/pages\/246"}],"wp:attachment":[{"href":"https:\/\/www.morvaykrisztina.hu\/en\/wp-json\/wp\/v2\/media?parent=567"}],"curies":[{"name":"wp","href":"https:\/\/api.w.org\/{rel}","templated":true}]}}