{"id":259,"date":"2011-11-20T21:22:54","date_gmt":"2011-11-20T20:22:54","guid":{"rendered":"https:\/\/www.morvaykrisztina.hu\/?page_id=259"},"modified":"2015-02-07T14:35:28","modified_gmt":"2015-02-07T13:35:28","slug":"lablec-konyvforditasok-r-w-welch-nostradamus-ustokose","status":"publish","type":"page","link":"https:\/\/www.morvaykrisztina.hu\/en\/lablec\/lablec-konyvforditasok-r-w-welch-nostradamus-ustokose\/","title":{"rendered":"L\u00e1bl\u00e9c &#8211; K\u00f6nyvford\u00edt\u00e1sok &#8211; R.W. Welch &#8211; Comet of Nostradamus"},"content":{"rendered":"<p><\/p>\n<div><img decoding=\"async\" src=\"\/wp-content\/uploads\/R_W_Welch_-_Comet_of_Nostradamus.jpg\" alt=\"R.W. Welch - Comet of Nostradamus\" title=\"R.W. Welch - Comet of Nostradamus\" \/><br \/>\n<span class=\"elem-cim\">R. W. Welch<\/span><br \/>\n<span class=\"elem-alcim\">Comet of Nostradamus<\/span><\/p>\n<p><span class=\"elem-text\">The &#8216;Nostradamus take&#8217;: Predicts a comet in 2004 that will scorch southern France and central Italy before it explodes just off the coast of Greece&#8230;<\/span><a href=\"\/en\/referenciak\/kategoriak\/r-w-welch-nostradamus-ustokose\/\">more<\/a><\/div>\n<p><\/p>","protected":false},"excerpt":{"rendered":"<p>R. W. Welch Comet of Nostradamus The &#8216;Nostradamus take&#8217;: Predicts a comet in 2004 that will scorch southern France and central Italy before it explodes just off the coast of Greece&#8230;more<\/p>\n","protected":false},"author":1,"featured_media":0,"parent":246,"menu_order":0,"comment_status":"open","ping_status":"open","template":"","meta":{"footnotes":""},"_links":{"self":[{"href":"https:\/\/www.morvaykrisztina.hu\/en\/wp-json\/wp\/v2\/pages\/259"}],"collection":[{"href":"https:\/\/www.morvaykrisztina.hu\/en\/wp-json\/wp\/v2\/pages"}],"about":[{"href":"https:\/\/www.morvaykrisztina.hu\/en\/wp-json\/wp\/v2\/types\/page"}],"author":[{"embeddable":true,"href":"https:\/\/www.morvaykrisztina.hu\/en\/wp-json\/wp\/v2\/users\/1"}],"replies":[{"embeddable":true,"href":"https:\/\/www.morvaykrisztina.hu\/en\/wp-json\/wp\/v2\/comments?post=259"}],"version-history":[{"count":0,"href":"https:\/\/www.morvaykrisztina.hu\/en\/wp-json\/wp\/v2\/pages\/259\/revisions"}],"up":[{"embeddable":true,"href":"https:\/\/www.morvaykrisztina.hu\/en\/wp-json\/wp\/v2\/pages\/246"}],"wp:attachment":[{"href":"https:\/\/www.morvaykrisztina.hu\/en\/wp-json\/wp\/v2\/media?parent=259"}],"curies":[{"name":"wp","href":"https:\/\/api.w.org\/{rel}","templated":true}]}}