{"id":255,"date":"2011-11-20T21:12:03","date_gmt":"2011-11-20T20:12:03","guid":{"rendered":"https:\/\/www.morvaykrisztina.hu\/?page_id=255"},"modified":"2015-02-07T14:34:47","modified_gmt":"2015-02-07T13:34:47","slug":"lablec-konyvforditasok-robert-helle-menedzserek-kezikonyve","status":"publish","type":"page","link":"https:\/\/www.morvaykrisztina.hu\/en\/lablec\/lablec-konyvforditasok-robert-helle-menedzserek-kezikonyve\/","title":{"rendered":"L\u00e1bl\u00e9c &#8211; K\u00f6nyvford\u00edt\u00e1sok &#8211; Robert Helle &#8211; Manager&#8217;s Handbook"},"content":{"rendered":"<p><\/p>\n<div><img decoding=\"async\" src=\"\/wp-content\/uploads\/Robert_Heller_-_Managers_Handbook.jpg\" alt=\"Robert Heller - Managers Handbook\" title=\"Robert_Heller_-_Managers_Handbook\" \/><br \/>\n<span class=\"elem-cim\">Robert Heller<\/span><br \/>\n<span class=\"elem-alcim\">Manager&#8217;s Handbook<\/span><br \/>\n<span class=\"elem-text\">This is the new management handbook to cover the most up-to-date thinking on key business issues, such as the impact of new technology&#8230;<\/span><a href=\"\/en\/referenciak\/kategoriak\/robert-heller-menedzserek-kezikonyve\/\">more<\/a><\/div>\n<p><\/p>","protected":false},"excerpt":{"rendered":"<p>Robert Heller Manager&#8217;s Handbook This is the new management handbook to cover the most up-to-date thinking on key business issues, such as the impact of new technology&#8230;more<\/p>\n","protected":false},"author":1,"featured_media":0,"parent":246,"menu_order":0,"comment_status":"open","ping_status":"open","template":"","meta":{"footnotes":""},"_links":{"self":[{"href":"https:\/\/www.morvaykrisztina.hu\/en\/wp-json\/wp\/v2\/pages\/255"}],"collection":[{"href":"https:\/\/www.morvaykrisztina.hu\/en\/wp-json\/wp\/v2\/pages"}],"about":[{"href":"https:\/\/www.morvaykrisztina.hu\/en\/wp-json\/wp\/v2\/types\/page"}],"author":[{"embeddable":true,"href":"https:\/\/www.morvaykrisztina.hu\/en\/wp-json\/wp\/v2\/users\/1"}],"replies":[{"embeddable":true,"href":"https:\/\/www.morvaykrisztina.hu\/en\/wp-json\/wp\/v2\/comments?post=255"}],"version-history":[{"count":0,"href":"https:\/\/www.morvaykrisztina.hu\/en\/wp-json\/wp\/v2\/pages\/255\/revisions"}],"up":[{"embeddable":true,"href":"https:\/\/www.morvaykrisztina.hu\/en\/wp-json\/wp\/v2\/pages\/246"}],"wp:attachment":[{"href":"https:\/\/www.morvaykrisztina.hu\/en\/wp-json\/wp\/v2\/media?parent=255"}],"curies":[{"name":"wp","href":"https:\/\/api.w.org\/{rel}","templated":true}]}}