{"id":252,"date":"2011-11-20T19:39:24","date_gmt":"2011-11-20T18:39:24","guid":{"rendered":"https:\/\/www.morvaykrisztina.hu\/?page_id=252"},"modified":"2015-02-07T14:34:13","modified_gmt":"2015-02-07T13:34:13","slug":"lablec-konyvforditasok-sherry-argov-miert-a-rossz-lanyokat-szeretik-a-ferfiak","status":"publish","type":"page","link":"https:\/\/www.morvaykrisztina.hu\/en\/lablec\/lablec-konyvforditasok-sherry-argov-miert-a-rossz-lanyokat-szeretik-a-ferfiak\/","title":{"rendered":"L\u00e1bl\u00e9c &#8211; K\u00f6nyvford\u00edt\u00e1sok &#8211; Sherry Argov &#8211; Why Men Love Bitches"},"content":{"rendered":"<p><\/p>\n<div>\n<p><img decoding=\"async\" title=\"Sherry Argov - Why men love bitches\" src=\"\/wp-content\/uploads\/Sherry_Argov_-_Why_men_love_bitches.jpg\" alt=\"Sherry Argov - Why men love bitches\" \/><\/p>\n<p><span class=\"elem-cim\">Sherry Argov<\/span><br \/>\n<span class=\"elem-alcim\">Why Men Love Bitches<\/span><\/p>\n<p><span class=\"elem-text\">Contending that some women are &#8220;too nice,&#8221; comedian and radio show host Sherry Argov has written Why Men Love Bitches&#8230;<\/span><a href=\"\/en\/referenciak\/kategoriak\/sherry-argov-miert-a-rossz-lanyokat-szeretik-a-ferfiak\/\">more<\/a><\/p>\n<\/div>\n<p><\/p>","protected":false},"excerpt":{"rendered":"<p>Sherry Argov Why Men Love Bitches Contending that some women are &#8220;too nice,&#8221; comedian and radio show host Sherry Argov has written Why Men Love Bitches&#8230;more<\/p>\n","protected":false},"author":1,"featured_media":0,"parent":246,"menu_order":0,"comment_status":"open","ping_status":"open","template":"","meta":{"footnotes":""},"_links":{"self":[{"href":"https:\/\/www.morvaykrisztina.hu\/en\/wp-json\/wp\/v2\/pages\/252"}],"collection":[{"href":"https:\/\/www.morvaykrisztina.hu\/en\/wp-json\/wp\/v2\/pages"}],"about":[{"href":"https:\/\/www.morvaykrisztina.hu\/en\/wp-json\/wp\/v2\/types\/page"}],"author":[{"embeddable":true,"href":"https:\/\/www.morvaykrisztina.hu\/en\/wp-json\/wp\/v2\/users\/1"}],"replies":[{"embeddable":true,"href":"https:\/\/www.morvaykrisztina.hu\/en\/wp-json\/wp\/v2\/comments?post=252"}],"version-history":[{"count":0,"href":"https:\/\/www.morvaykrisztina.hu\/en\/wp-json\/wp\/v2\/pages\/252\/revisions"}],"up":[{"embeddable":true,"href":"https:\/\/www.morvaykrisztina.hu\/en\/wp-json\/wp\/v2\/pages\/246"}],"wp:attachment":[{"href":"https:\/\/www.morvaykrisztina.hu\/en\/wp-json\/wp\/v2\/media?parent=252"}],"curies":[{"name":"wp","href":"https:\/\/api.w.org\/{rel}","templated":true}]}}