{"id":2016,"date":"2020-05-11T15:29:30","date_gmt":"2020-05-11T13:29:30","guid":{"rendered":"https:\/\/www.morvaykrisztina.hu\/?page_id=2016"},"modified":"2020-05-11T15:29:30","modified_gmt":"2020-05-11T13:29:30","slug":"lablec-konyvforditasok-jonah-berger-lathatatlan-befolyas","status":"publish","type":"page","link":"https:\/\/www.morvaykrisztina.hu\/en\/lablec\/lablec-konyvforditasok-jonah-berger-lathatatlan-befolyas\/","title":{"rendered":"L\u00e1bl\u00e9c &#8211; K\u00f6nyvford\u00edt\u00e1sok &#8211; Jonah Berger &#8211; Invisible Influence \u2013 The Hidden Forces that Shape Behavior"},"content":{"rendered":"<p><\/p>\n<div><img decoding=\"async\" title=\"Jonah Berger - Invisible Influence \u2013 The Hidden Forces that Shape Behavior\" src=\"\/wp-content\/uploads\/Jonah_Berger_-_Invisible_Influence.jpg\" alt=\"Jonah Berger - Invisible Influence \u2013 The Hidden Forces that Shape Behavior\" \/><br \/>\n<span class=\"elem-cim\">Jonah Berger<\/span><br \/>\n<span class=\"elem-alcim\">Invisible Influence<\/span><br \/>\n<span class=\"elem-text\">If you\u2019re like most people, you think your individual tastes and opinions drive your choices and behaviors. You wear a certain jacket because you liked how it looked. You picked a particular career&#8230;<\/span><a href=\"\/en\/referenciak\/kategoriak\/jonah-berger-lathatatlan-befolyas\/\">more<\/a><\/div>\n<p><\/p>","protected":false},"excerpt":{"rendered":"<p>Jonah Berger Invisible Influence If you\u2019re like most people, you think your individual tastes and opinions drive your choices and behaviors. You wear a certain jacket because you liked how it looked. You picked a particular career&#8230;more<\/p>\n","protected":false},"author":1,"featured_media":0,"parent":246,"menu_order":0,"comment_status":"closed","ping_status":"closed","template":"","meta":{"footnotes":""},"_links":{"self":[{"href":"https:\/\/www.morvaykrisztina.hu\/en\/wp-json\/wp\/v2\/pages\/2016"}],"collection":[{"href":"https:\/\/www.morvaykrisztina.hu\/en\/wp-json\/wp\/v2\/pages"}],"about":[{"href":"https:\/\/www.morvaykrisztina.hu\/en\/wp-json\/wp\/v2\/types\/page"}],"author":[{"embeddable":true,"href":"https:\/\/www.morvaykrisztina.hu\/en\/wp-json\/wp\/v2\/users\/1"}],"replies":[{"embeddable":true,"href":"https:\/\/www.morvaykrisztina.hu\/en\/wp-json\/wp\/v2\/comments?post=2016"}],"version-history":[{"count":0,"href":"https:\/\/www.morvaykrisztina.hu\/en\/wp-json\/wp\/v2\/pages\/2016\/revisions"}],"up":[{"embeddable":true,"href":"https:\/\/www.morvaykrisztina.hu\/en\/wp-json\/wp\/v2\/pages\/246"}],"wp:attachment":[{"href":"https:\/\/www.morvaykrisztina.hu\/en\/wp-json\/wp\/v2\/media?parent=2016"}],"curies":[{"name":"wp","href":"https:\/\/api.w.org\/{rel}","templated":true}]}}