{"id":2007,"date":"2020-05-11T15:04:40","date_gmt":"2020-05-11T13:04:40","guid":{"rendered":"https:\/\/www.morvaykrisztina.hu\/?page_id=2007"},"modified":"2020-05-11T15:38:57","modified_gmt":"2020-05-11T13:38:57","slug":"lablec-konyvforditasok-lisa-brennan-jobs-kisvakarcs","status":"publish","type":"page","link":"https:\/\/www.morvaykrisztina.hu\/en\/lablec\/lablec-konyvforditasok-lisa-brennan-jobs-kisvakarcs\/","title":{"rendered":"L\u00e1bl\u00e9c &#8211; K\u00f6nyvford\u00edt\u00e1sok &#8211; Lisa Brennan-Jobs &#8211; Small Fry"},"content":{"rendered":"<p><\/p>\n<div><img decoding=\"async\" title=\"Lisa Brennan-Jobs - Small Fly\" src=\"\/wp-content\/uploads\/Lisa_Brennan-Jobs_-_Small_Fry.jpg\" alt=\"Lisa Brennan-Jobs - Small Fly\" \/><br \/>\n<span class=\"elem-cim\">Lisa Brennan-Jobs<\/span><br \/>\n<span class=\"elem-alcim\">Small Fry<\/span><br \/>\n<span class=\"elem-text\">A frank, smart and captivating memoir by the daughter of Apple founder Steve Jobs. Born on a farm and named in a field by her parents &#8211; artist Chrisann Brennan and Steve Jobs&#8230;<\/span><a href=\"\/en\/referenciak\/kategoriak\/lisa-brennan-jobs-kisvakarcs\/\">more<\/a><\/div>\n<p><\/p>","protected":false},"excerpt":{"rendered":"<p>Lisa Brennan-Jobs Small Fry A frank, smart and captivating memoir by the daughter of Apple founder Steve Jobs. Born on a farm and named in a field by her parents &#8211; artist Chrisann Brennan and Steve Jobs&#8230;more<\/p>\n","protected":false},"author":1,"featured_media":0,"parent":246,"menu_order":0,"comment_status":"closed","ping_status":"closed","template":"","meta":{"footnotes":""},"_links":{"self":[{"href":"https:\/\/www.morvaykrisztina.hu\/en\/wp-json\/wp\/v2\/pages\/2007"}],"collection":[{"href":"https:\/\/www.morvaykrisztina.hu\/en\/wp-json\/wp\/v2\/pages"}],"about":[{"href":"https:\/\/www.morvaykrisztina.hu\/en\/wp-json\/wp\/v2\/types\/page"}],"author":[{"embeddable":true,"href":"https:\/\/www.morvaykrisztina.hu\/en\/wp-json\/wp\/v2\/users\/1"}],"replies":[{"embeddable":true,"href":"https:\/\/www.morvaykrisztina.hu\/en\/wp-json\/wp\/v2\/comments?post=2007"}],"version-history":[{"count":0,"href":"https:\/\/www.morvaykrisztina.hu\/en\/wp-json\/wp\/v2\/pages\/2007\/revisions"}],"up":[{"embeddable":true,"href":"https:\/\/www.morvaykrisztina.hu\/en\/wp-json\/wp\/v2\/pages\/246"}],"wp:attachment":[{"href":"https:\/\/www.morvaykrisztina.hu\/en\/wp-json\/wp\/v2\/media?parent=2007"}],"curies":[{"name":"wp","href":"https:\/\/api.w.org\/{rel}","templated":true}]}}