{"id":2002,"date":"2020-05-11T14:52:07","date_gmt":"2020-05-11T12:52:07","guid":{"rendered":"https:\/\/www.morvaykrisztina.hu\/?page_id=2002"},"modified":"2020-05-11T14:53:22","modified_gmt":"2020-05-11T12:53:22","slug":"lablec-konyvforditasok-anthony-william-egeszseges-majmukodes","status":"publish","type":"page","link":"https:\/\/www.morvaykrisztina.hu\/en\/lablec\/lablec-konyvforditasok-anthony-william-egeszseges-majmukodes\/","title":{"rendered":"L\u00e1bl\u00e9c &#8211; K\u00f6nyvford\u00edt\u00e1sok &#8211; Anthony William &#8211; Liver Rescue"},"content":{"rendered":"<p><\/p>\n<div><img decoding=\"async\" title=\"Anthony William - Liver Rescue\" src=\"\/wp-content\/uploads\/Anthony_William_-_Liver_Rescue.jpg\" alt=\"Anthony William - Liver Rescue\" \/><br \/>\n<span class=\"elem-cim\">Anthony William<\/span><br \/>\n<span class=\"elem-alcim\">Liver Rescue<\/span><br \/>\n<span class=\"elem-text\">What if you could focus on one aspect of your well-being to transform all the others \u2013 and at the same time prevent health problems you didn&#8217;t even know were lurking beneath the surface? <\/span><a href=\"\/en\/referenciak\/kategoriak\/anthony-william-egeszseges-majmukodes\/\">more<\/a><\/div>\n<p><\/p>","protected":false},"excerpt":{"rendered":"<p>Anthony William Liver Rescue What if you could focus on one aspect of your well-being to transform all the others \u2013 and at the same time prevent health problems you didn&#8217;t even know were lurking beneath the surface? more<\/p>\n","protected":false},"author":1,"featured_media":0,"parent":246,"menu_order":0,"comment_status":"closed","ping_status":"closed","template":"","meta":{"footnotes":""},"_links":{"self":[{"href":"https:\/\/www.morvaykrisztina.hu\/en\/wp-json\/wp\/v2\/pages\/2002"}],"collection":[{"href":"https:\/\/www.morvaykrisztina.hu\/en\/wp-json\/wp\/v2\/pages"}],"about":[{"href":"https:\/\/www.morvaykrisztina.hu\/en\/wp-json\/wp\/v2\/types\/page"}],"author":[{"embeddable":true,"href":"https:\/\/www.morvaykrisztina.hu\/en\/wp-json\/wp\/v2\/users\/1"}],"replies":[{"embeddable":true,"href":"https:\/\/www.morvaykrisztina.hu\/en\/wp-json\/wp\/v2\/comments?post=2002"}],"version-history":[{"count":0,"href":"https:\/\/www.morvaykrisztina.hu\/en\/wp-json\/wp\/v2\/pages\/2002\/revisions"}],"up":[{"embeddable":true,"href":"https:\/\/www.morvaykrisztina.hu\/en\/wp-json\/wp\/v2\/pages\/246"}],"wp:attachment":[{"href":"https:\/\/www.morvaykrisztina.hu\/en\/wp-json\/wp\/v2\/media?parent=2002"}],"curies":[{"name":"wp","href":"https:\/\/api.w.org\/{rel}","templated":true}]}}