{"id":1983,"date":"2020-05-11T11:56:13","date_gmt":"2020-05-11T09:56:13","guid":{"rendered":"https:\/\/www.morvaykrisztina.hu\/?page_id=1983"},"modified":"2020-05-11T16:06:49","modified_gmt":"2020-05-11T14:06:49","slug":"lablec-konyvforditasok-rick-hanson-phd-forest-hanson-a-bennunk-rejlo-ero-a-boldogsag-tudatossag-es-belso-beke-elerese","status":"publish","type":"page","link":"https:\/\/www.morvaykrisztina.hu\/en\/lablec\/lablec-konyvforditasok-rick-hanson-phd-forest-hanson-a-bennunk-rejlo-ero-a-boldogsag-tudatossag-es-belso-beke-elerese\/","title":{"rendered":"L\u00e1bl\u00e9c &#8211; K\u00f6nyvford\u00edt\u00e1sok &#8211; Rick Hanson, PhD. &#8211; Forest Hanson &#8211; Resilient \u2013 How to Grow an Unshakable Core of Calm, Strength and Happiness"},"content":{"rendered":"<p><\/p>\n<div><img decoding=\"async\" title=\"Rick Hanson - Resilient \u2013 How to Grow an Unshakable Core of Calm, Strength and Happiness\" src=\"\/wp-content\/uploads\/Rick_Hanson_-_Resilient.jpg\" alt=\"Rick Hanson - Resilient \u2013 How to Grow an Unshakable Core of Calm, Strength and Happiness\" \/><br \/>\n<span class=\"elem-cim\">Rick Hanson<\/span><br \/>\n<span class=\"elem-alcim\">Resilient \u2013 How to Grow an Unshakable Core of Calm, Strength and Happiness<\/span><br \/>\n<span class=\"elem-text\">These days it\u2019s hard to count on the world outside. So it\u2019s vital to grow strengths inside like grit, gratitude, and&#8230;<\/span><a href=\"\/en\/referenciak\/kategoriak\/rick-hanson-phd-forest-hanson-a-bennunk-rejlo-ero-a-boldogsag-tudatossag-es-belso-beke-elerese\/\">more<\/a><\/div>\n<p><\/p>","protected":false},"excerpt":{"rendered":"<p>Rick Hanson Resilient \u2013 How to Grow an Unshakable Core of Calm, Strength and Happiness These days it\u2019s hard to count on the world outside. So it\u2019s vital to grow strengths inside like grit, gratitude, and&#8230;more<\/p>\n","protected":false},"author":1,"featured_media":0,"parent":246,"menu_order":0,"comment_status":"closed","ping_status":"closed","template":"","meta":{"footnotes":""},"_links":{"self":[{"href":"https:\/\/www.morvaykrisztina.hu\/en\/wp-json\/wp\/v2\/pages\/1983"}],"collection":[{"href":"https:\/\/www.morvaykrisztina.hu\/en\/wp-json\/wp\/v2\/pages"}],"about":[{"href":"https:\/\/www.morvaykrisztina.hu\/en\/wp-json\/wp\/v2\/types\/page"}],"author":[{"embeddable":true,"href":"https:\/\/www.morvaykrisztina.hu\/en\/wp-json\/wp\/v2\/users\/1"}],"replies":[{"embeddable":true,"href":"https:\/\/www.morvaykrisztina.hu\/en\/wp-json\/wp\/v2\/comments?post=1983"}],"version-history":[{"count":0,"href":"https:\/\/www.morvaykrisztina.hu\/en\/wp-json\/wp\/v2\/pages\/1983\/revisions"}],"up":[{"embeddable":true,"href":"https:\/\/www.morvaykrisztina.hu\/en\/wp-json\/wp\/v2\/pages\/246"}],"wp:attachment":[{"href":"https:\/\/www.morvaykrisztina.hu\/en\/wp-json\/wp\/v2\/media?parent=1983"}],"curies":[{"name":"wp","href":"https:\/\/api.w.org\/{rel}","templated":true}]}}