{"id":1789,"date":"2017-01-22T19:22:21","date_gmt":"2017-01-22T18:22:21","guid":{"rendered":"https:\/\/www.morvaykrisztina.hu\/?page_id=1789"},"modified":"2020-05-11T15:41:47","modified_gmt":"2020-05-11T13:41:47","slug":"lablec-konyvforditasok-nigel-benson-joannah-ginsburg-voula-grand-merrin-lazyan-marcus-weeks-catherine-collin-a-pszichologia-nagykonyve","status":"publish","type":"page","link":"https:\/\/www.morvaykrisztina.hu\/en\/lablec\/lablec-konyvforditasok-nigel-benson-joannah-ginsburg-voula-grand-merrin-lazyan-marcus-weeks-catherine-collin-a-pszichologia-nagykonyve\/","title":{"rendered":"L\u00e1bl\u00e9c &#8211; K\u00f6nyvford\u00edt\u00e1sok &#8211; Nigel Benson, Joannah Ginsburg, Voula Grand, Merrin Lazyan, Marcus Weeks, Catherine Collin &#8211; The Psychology Book &#8211; Big Ideas Simply Explained"},"content":{"rendered":"<p><\/p>\n<div><img decoding=\"async\" title=\"Nigel Benson, Joannah Ginsburg, Voula Grand, Merrin Lazyan, Marcus Weeks, Catherine Collin - The Psychology Book - Big Ideas Simply Explained\" src=\"\/wp-content\/uploads\/Nigel_Benson__Joannah_Ginsburg__Voula-Grand__Merrin_Lazyan__Marcus_Weeks__Catherine_Collin_-_The_Psychology_Book_-_Big_Ideas_Simply_Explained-249x300.jpg\" alt=\"Nigel Benson, Joannah Ginsburg, Voula Grand, Merrin Lazyan, Marcus Weeks, Catherine Collin - The Psychology Book - Big Ideas Simply Explained\" \/><br \/>\n<span class=\"elem-cim\">Nigel Benson, Joannah Ginsburg, Voula Grand, Merrin Lazyan, Marcus Weeks, Catherine Collin<\/span><br \/>\n<span class=\"elem-alcim\">The Psychology Book &#8211; Big Ideas Simply Explained<\/span><br \/>\n<span class=\"elem-text\">Clearly explaining more than 100 groundbreaking ideas in the field&#8230;<\/span><a href=\"\/\/en\/referenciak\/kategoriak\/nigel-benson-joannah-ginsburg-voula-grand-merrin-lazyan-marcus-weeks-catherine-collin-a-pszichologia-nagykonyve\/\">more<\/a><\/div>\n<p><\/p>","protected":false},"excerpt":{"rendered":"<p>Nigel Benson, Joannah Ginsburg, Voula Grand, Merrin Lazyan, Marcus Weeks, Catherine Collin The Psychology Book &#8211; Big Ideas Simply Explained Clearly explaining more than 100 groundbreaking ideas in the field&#8230;more<\/p>\n","protected":false},"author":1,"featured_media":0,"parent":246,"menu_order":0,"comment_status":"open","ping_status":"open","template":"","meta":{"footnotes":""},"_links":{"self":[{"href":"https:\/\/www.morvaykrisztina.hu\/en\/wp-json\/wp\/v2\/pages\/1789"}],"collection":[{"href":"https:\/\/www.morvaykrisztina.hu\/en\/wp-json\/wp\/v2\/pages"}],"about":[{"href":"https:\/\/www.morvaykrisztina.hu\/en\/wp-json\/wp\/v2\/types\/page"}],"author":[{"embeddable":true,"href":"https:\/\/www.morvaykrisztina.hu\/en\/wp-json\/wp\/v2\/users\/1"}],"replies":[{"embeddable":true,"href":"https:\/\/www.morvaykrisztina.hu\/en\/wp-json\/wp\/v2\/comments?post=1789"}],"version-history":[{"count":0,"href":"https:\/\/www.morvaykrisztina.hu\/en\/wp-json\/wp\/v2\/pages\/1789\/revisions"}],"up":[{"embeddable":true,"href":"https:\/\/www.morvaykrisztina.hu\/en\/wp-json\/wp\/v2\/pages\/246"}],"wp:attachment":[{"href":"https:\/\/www.morvaykrisztina.hu\/en\/wp-json\/wp\/v2\/media?parent=1789"}],"curies":[{"name":"wp","href":"https:\/\/api.w.org\/{rel}","templated":true}]}}