{"id":1786,"date":"2017-01-22T19:14:04","date_gmt":"2017-01-22T18:14:04","guid":{"rendered":"https:\/\/www.morvaykrisztina.hu\/?page_id=1786"},"modified":"2020-05-11T15:47:39","modified_gmt":"2020-05-11T13:47:39","slug":"lablec-konyvforditasok-anne-hildyard-wendy-horobin-harapj-bele-a-joba","status":"publish","type":"page","link":"https:\/\/www.morvaykrisztina.hu\/en\/lablec\/lablec-konyvforditasok-anne-hildyard-wendy-horobin-harapj-bele-a-joba\/","title":{"rendered":"L\u00e1bl\u00e9c &#8211; K\u00f6nyvford\u00edt\u00e1sok &#8211; (ed. Anne Hildyard, Wendy Horobin) &#8211; Are You What You Eat?"},"content":{"rendered":"<p><\/p>\n<div><img decoding=\"async\" title=\"(ed. Anne Hildyard, Wendy Horobin) - Are You What You Eat?\" src=\"\/wp-content\/uploads\/ed__Anne_Hildyard__Wendy_Horobin_-_Are_You_What_You_Eat-235x300.jpg\" alt=\"(ed. Anne Hildyard, Wendy Horobin) - Are You What You Eat?\" \/><br \/>\n<span class=\"elem-cim\">(ed. Anne Hildyard, Wendy Horobin)<\/span><br \/>\n<span class=\"elem-alcim\">Are You What You Eat?<\/span><br \/>\n<span class=\"elem-text\">For the Sins of My Father recounts the chilling rise and fall of the man who led the Gambino family&#8217;s most fearsome killers and thieves, through the eyes of a son&#8230;<\/span><a href=\"\/en\/referenciak\/kategoriak\/anne-hildyard-wendy-horobin-harapj-bele-a-joba\/\">more<\/a><\/div>\n<p><\/p>","protected":false},"excerpt":{"rendered":"<p>(ed. Anne Hildyard, Wendy Horobin) Are You What You Eat? For the Sins of My Father recounts the chilling rise and fall of the man who led the Gambino family&#8217;s most fearsome killers and thieves, through the eyes of a son&#8230;more<\/p>\n","protected":false},"author":1,"featured_media":0,"parent":246,"menu_order":0,"comment_status":"open","ping_status":"open","template":"","meta":{"footnotes":""},"_links":{"self":[{"href":"https:\/\/www.morvaykrisztina.hu\/en\/wp-json\/wp\/v2\/pages\/1786"}],"collection":[{"href":"https:\/\/www.morvaykrisztina.hu\/en\/wp-json\/wp\/v2\/pages"}],"about":[{"href":"https:\/\/www.morvaykrisztina.hu\/en\/wp-json\/wp\/v2\/types\/page"}],"author":[{"embeddable":true,"href":"https:\/\/www.morvaykrisztina.hu\/en\/wp-json\/wp\/v2\/users\/1"}],"replies":[{"embeddable":true,"href":"https:\/\/www.morvaykrisztina.hu\/en\/wp-json\/wp\/v2\/comments?post=1786"}],"version-history":[{"count":0,"href":"https:\/\/www.morvaykrisztina.hu\/en\/wp-json\/wp\/v2\/pages\/1786\/revisions"}],"up":[{"embeddable":true,"href":"https:\/\/www.morvaykrisztina.hu\/en\/wp-json\/wp\/v2\/pages\/246"}],"wp:attachment":[{"href":"https:\/\/www.morvaykrisztina.hu\/en\/wp-json\/wp\/v2\/media?parent=1786"}],"curies":[{"name":"wp","href":"https:\/\/api.w.org\/{rel}","templated":true}]}}