{"id":1783,"date":"2017-01-22T18:36:43","date_gmt":"2017-01-22T17:36:43","guid":{"rendered":"https:\/\/www.morvaykrisztina.hu\/?page_id=1783"},"modified":"2020-05-11T15:56:09","modified_gmt":"2020-05-11T13:56:09","slug":"lablec-konyvforditasok-steve-j-martin-noah-goldstein-robert-cialdini-kis-lepes-nagy-hatas-milyen-apro-tettekkel-erhetjuk-el-a-celjainkat","status":"publish","type":"page","link":"https:\/\/www.morvaykrisztina.hu\/en\/lablec\/lablec-konyvforditasok-steve-j-martin-noah-goldstein-robert-cialdini-kis-lepes-nagy-hatas-milyen-apro-tettekkel-erhetjuk-el-a-celjainkat\/","title":{"rendered":"L\u00e1bl\u00e9c &#8211; K\u00f6nyvford\u00edt\u00e1sok &#8211; Steve J. Martin, Noah Goldstein, Robert Cialdini &#8211; The Small Big: Small Changes That Spark Big Influence"},"content":{"rendered":"<p><\/p>\n<div><img decoding=\"async\" title=\"Steve J. Martin, Noah Goldstein, Robert Cialdini - The Small Big: Small Changes That Spark Big Influence\" src=\"\/wp-content\/uploads\/Steve_J_Martin__Noah_Goldstein__Robert_Cialdini_-_The_Small_Big_-_Small_Changes_That_Spark_Big_Influence-198x300.jpg\" alt=\"Steve J. Martin, Noah Goldstein, Robert Cialdini - The Small Big: Small Changes That Spark Big Influence\" \/><br \/>\n<span class=\"elem-cim\">Steve J. Martin, Noah Goldstein, Robert Cialdini<\/span><br \/>\n<span class=\"elem-alcim\">The Small Big: Small Changes That Spark Big Influence<\/span><br \/>\n<span class=\"elem-text\">At some point today you will have to influence or persuade someone &#8211; your boss, a co-worker, a customer, &#8230;<\/span><a href=\"\/en\/referenciak\/kategoriak\/steve-j-martin-noah-goldstein-robert-cialdini-kis-lepes-nagy-hatas-milyen-apro-tettekkel-erhetjuk-el-a-celjainkat\/\">more<\/a><\/div>\n<p><\/p>","protected":false},"excerpt":{"rendered":"<p>Steve J. Martin, Noah Goldstein, Robert Cialdini The Small Big: Small Changes That Spark Big Influence At some point today you will have to influence or persuade someone &#8211; your boss, a co-worker, a customer, &#8230;more<\/p>\n","protected":false},"author":1,"featured_media":0,"parent":246,"menu_order":0,"comment_status":"open","ping_status":"open","template":"","meta":{"footnotes":""},"_links":{"self":[{"href":"https:\/\/www.morvaykrisztina.hu\/en\/wp-json\/wp\/v2\/pages\/1783"}],"collection":[{"href":"https:\/\/www.morvaykrisztina.hu\/en\/wp-json\/wp\/v2\/pages"}],"about":[{"href":"https:\/\/www.morvaykrisztina.hu\/en\/wp-json\/wp\/v2\/types\/page"}],"author":[{"embeddable":true,"href":"https:\/\/www.morvaykrisztina.hu\/en\/wp-json\/wp\/v2\/users\/1"}],"replies":[{"embeddable":true,"href":"https:\/\/www.morvaykrisztina.hu\/en\/wp-json\/wp\/v2\/comments?post=1783"}],"version-history":[{"count":0,"href":"https:\/\/www.morvaykrisztina.hu\/en\/wp-json\/wp\/v2\/pages\/1783\/revisions"}],"up":[{"embeddable":true,"href":"https:\/\/www.morvaykrisztina.hu\/en\/wp-json\/wp\/v2\/pages\/246"}],"wp:attachment":[{"href":"https:\/\/www.morvaykrisztina.hu\/en\/wp-json\/wp\/v2\/media?parent=1783"}],"curies":[{"name":"wp","href":"https:\/\/api.w.org\/{rel}","templated":true}]}}