{"id":1776,"date":"2017-01-22T12:39:43","date_gmt":"2017-01-22T11:39:43","guid":{"rendered":"https:\/\/www.morvaykrisztina.hu\/?page_id=1776"},"modified":"2020-05-11T15:59:58","modified_gmt":"2020-05-11T13:59:58","slug":"lablec-konyvforditasok-carole-scott-a-vilag-legszuperebb-intergalaktikus-utikalauza","status":"publish","type":"page","link":"https:\/\/www.morvaykrisztina.hu\/en\/lablec\/lablec-konyvforditasok-carole-scott-a-vilag-legszuperebb-intergalaktikus-utikalauza\/","title":{"rendered":"L\u00e1bl\u00e9c &#8211; K\u00f6nyvford\u00edt\u00e1sok &#8211; Carole Scott &#8211; Greatest Intergalactic Guide to Space Ever"},"content":{"rendered":"<p><\/p>\n<div><img decoding=\"async\" title=\"Carole Scott - Greatest Intergalactic Guide to Space Ever\" src=\"\/wp-content\/uploads\/Carole_Scott_-_Greatest_Intergalactic_Guide_to_Space_Ever-255x300.jpg\" alt=\"Carole Scott - Greatest Intergalactic Guide to Space Ever\" \/><br \/>\n<span class=\"elem-cim\">Carole Scott<\/span><br \/>\n<span class=\"elem-alcim\">Greatest Intergalactic Guide to Space Ever<\/span><br \/>\n<span class=\"elem-text\">More delightful fun with the Brainwaves. This time they blast off into space to bring the science to you &#8211; in fabulously fun &mdash; and funny &mdash; text&#8230;<\/span><a href=\"\/en\/referenciak\/kategoriak\/carole-scott-a-vilag-legszuperebb-intergalaktikus-utikalauza\/\">more<\/a><\/div>\n<p><\/p>","protected":false},"excerpt":{"rendered":"<p>Carole Scott Greatest Intergalactic Guide to Space Ever More delightful fun with the Brainwaves. This time they blast off into space to bring the science to you &#8211; in fabulously fun &mdash; and funny &mdash; text&#8230;more<\/p>\n","protected":false},"author":1,"featured_media":0,"parent":246,"menu_order":0,"comment_status":"open","ping_status":"open","template":"","meta":{"footnotes":""},"_links":{"self":[{"href":"https:\/\/www.morvaykrisztina.hu\/en\/wp-json\/wp\/v2\/pages\/1776"}],"collection":[{"href":"https:\/\/www.morvaykrisztina.hu\/en\/wp-json\/wp\/v2\/pages"}],"about":[{"href":"https:\/\/www.morvaykrisztina.hu\/en\/wp-json\/wp\/v2\/types\/page"}],"author":[{"embeddable":true,"href":"https:\/\/www.morvaykrisztina.hu\/en\/wp-json\/wp\/v2\/users\/1"}],"replies":[{"embeddable":true,"href":"https:\/\/www.morvaykrisztina.hu\/en\/wp-json\/wp\/v2\/comments?post=1776"}],"version-history":[{"count":0,"href":"https:\/\/www.morvaykrisztina.hu\/en\/wp-json\/wp\/v2\/pages\/1776\/revisions"}],"up":[{"embeddable":true,"href":"https:\/\/www.morvaykrisztina.hu\/en\/wp-json\/wp\/v2\/pages\/246"}],"wp:attachment":[{"href":"https:\/\/www.morvaykrisztina.hu\/en\/wp-json\/wp\/v2\/media?parent=1776"}],"curies":[{"name":"wp","href":"https:\/\/api.w.org\/{rel}","templated":true}]}}