{"id":1774,"date":"2017-01-22T12:30:50","date_gmt":"2017-01-22T11:30:50","guid":{"rendered":"https:\/\/www.morvaykrisztina.hu\/?page_id=1774"},"modified":"2017-01-22T12:30:50","modified_gmt":"2017-01-22T11:30:50","slug":"lablec-konyvforditasok-ka-hancock-uvegszilankon-tancolni","status":"publish","type":"page","link":"https:\/\/www.morvaykrisztina.hu\/en\/lablec\/lablec-konyvforditasok-ka-hancock-uvegszilankon-tancolni\/","title":{"rendered":"L\u00e1bl\u00e9c &#8211; K\u00f6nyvford\u00edt\u00e1sok &#8211; Ka Hancock &#8211; Dancing on Broken Glass"},"content":{"rendered":"<p><\/p>\n<div><img decoding=\"async\" title=\"Ka Hancock - Dancing on Broken Glass\" src=\"\/wp-content\/uploads\/Ka_Hancock_-_Dancing_on_Broken_Glass-193x300.jpg\" alt=\"Ka Hancock - Dancing on Broken Glass\" \/><br \/>\n<span class=\"elem-cim\">Ka Hancock<\/span><br \/>\n<span class=\"elem-alcim\">Dancing on Broken Glass<\/span><br \/>\n<span class=\"elem-text\">Lucy Houston and Mickey Chandler probably shouldn\u2019t have fallen in love, let alone gotten married. They\u2019re both plagued with faulty genes&#8230;<\/span><a href=\"\/en\/referenciak\/kategoriak\/ka-hancock-uvegszilankon-tancolni\/\">more<\/a><\/div>\n<p><\/p>","protected":false},"excerpt":{"rendered":"<p>Ka Hancock Dancing on Broken Glass Lucy Houston and Mickey Chandler probably shouldn\u2019t have fallen in love, let alone gotten married. They\u2019re both plagued with faulty genes&#8230;more<\/p>\n","protected":false},"author":1,"featured_media":0,"parent":246,"menu_order":0,"comment_status":"open","ping_status":"open","template":"","meta":{"footnotes":""},"_links":{"self":[{"href":"https:\/\/www.morvaykrisztina.hu\/en\/wp-json\/wp\/v2\/pages\/1774"}],"collection":[{"href":"https:\/\/www.morvaykrisztina.hu\/en\/wp-json\/wp\/v2\/pages"}],"about":[{"href":"https:\/\/www.morvaykrisztina.hu\/en\/wp-json\/wp\/v2\/types\/page"}],"author":[{"embeddable":true,"href":"https:\/\/www.morvaykrisztina.hu\/en\/wp-json\/wp\/v2\/users\/1"}],"replies":[{"embeddable":true,"href":"https:\/\/www.morvaykrisztina.hu\/en\/wp-json\/wp\/v2\/comments?post=1774"}],"version-history":[{"count":0,"href":"https:\/\/www.morvaykrisztina.hu\/en\/wp-json\/wp\/v2\/pages\/1774\/revisions"}],"up":[{"embeddable":true,"href":"https:\/\/www.morvaykrisztina.hu\/en\/wp-json\/wp\/v2\/pages\/246"}],"wp:attachment":[{"href":"https:\/\/www.morvaykrisztina.hu\/en\/wp-json\/wp\/v2\/media?parent=1774"}],"curies":[{"name":"wp","href":"https:\/\/api.w.org\/{rel}","templated":true}]}}