{"id":1651,"date":"2015-02-07T14:26:39","date_gmt":"2015-02-07T13:26:39","guid":{"rendered":"https:\/\/www.morvaykrisztina.hu\/?page_id=1651"},"modified":"2020-05-11T15:54:57","modified_gmt":"2020-05-11T13:54:57","slug":"lablec-konyvforditasok-dan-ariely-zsenialisan-irracionalis-az-esszerutlenseg-nem-vart-elonyei","status":"publish","type":"page","link":"https:\/\/www.morvaykrisztina.hu\/en\/lablec\/lablec-konyvforditasok-dan-ariely-zsenialisan-irracionalis-az-esszerutlenseg-nem-vart-elonyei\/","title":{"rendered":"L\u00e1bl\u00e9c &#8211; K\u00f6nyvford\u00edt\u00e1sok &#8211; Dan Ariely &#8211; The Upside of Irrationality: The Unexpected Benefits of Defying Logic"},"content":{"rendered":"<p><\/p>\n<div><img decoding=\"async\" title=\"Dan Ariely - The Upside of Irrationality: The Unexpected Benefits of Defying Logic\" src=\"\/wp-content\/uploads\/Dan_Ariely_-_The_Upside_of_Irrationality_-_The_Unexpected_Benefits_of_Defying_Logic.jpg\" alt=\"Dan Ariely - The Upside of Irrationality: The Unexpected Benefits of Defying Logic\" \/><br \/>\n<span class=\"elem-cim\">Dan Ariely<\/span><br \/>\n<span class=\"elem-alcim\">The Upside of Irrationality: The Unexpected Benefits of Defying Logic<\/span><br \/>\n<span class=\"elem-text\">&#8220;Dan Ariely is a genius at understanding human behavior: no economist does a better job of uncovering and explaining the hidden reasons for the weird ways&#8230;<\/span><a href=\"\/en\/referenciak\/kategoriak\/dan-ariely-zsenialisan-irracionalis-az-esszerutlenseg-nem-vart-elonyei\/\">more<\/a><\/div>\n<p><\/p>","protected":false},"excerpt":{"rendered":"<p>Dan Ariely The Upside of Irrationality: The Unexpected Benefits of Defying Logic &#8220;Dan Ariely is a genius at understanding human behavior: no economist does a better job of uncovering and explaining the hidden reasons for the weird ways&#8230;more<\/p>\n","protected":false},"author":1,"featured_media":0,"parent":246,"menu_order":0,"comment_status":"open","ping_status":"open","template":"","meta":{"footnotes":""},"_links":{"self":[{"href":"https:\/\/www.morvaykrisztina.hu\/en\/wp-json\/wp\/v2\/pages\/1651"}],"collection":[{"href":"https:\/\/www.morvaykrisztina.hu\/en\/wp-json\/wp\/v2\/pages"}],"about":[{"href":"https:\/\/www.morvaykrisztina.hu\/en\/wp-json\/wp\/v2\/types\/page"}],"author":[{"embeddable":true,"href":"https:\/\/www.morvaykrisztina.hu\/en\/wp-json\/wp\/v2\/users\/1"}],"replies":[{"embeddable":true,"href":"https:\/\/www.morvaykrisztina.hu\/en\/wp-json\/wp\/v2\/comments?post=1651"}],"version-history":[{"count":0,"href":"https:\/\/www.morvaykrisztina.hu\/en\/wp-json\/wp\/v2\/pages\/1651\/revisions"}],"up":[{"embeddable":true,"href":"https:\/\/www.morvaykrisztina.hu\/en\/wp-json\/wp\/v2\/pages\/246"}],"wp:attachment":[{"href":"https:\/\/www.morvaykrisztina.hu\/en\/wp-json\/wp\/v2\/media?parent=1651"}],"curies":[{"name":"wp","href":"https:\/\/api.w.org\/{rel}","templated":true}]}}