{"id":1645,"date":"2015-02-07T13:51:27","date_gmt":"2015-02-07T12:51:27","guid":{"rendered":"https:\/\/www.morvaykrisztina.hu\/?page_id=1645"},"modified":"2020-05-11T15:49:10","modified_gmt":"2020-05-11T13:49:10","slug":"lablec-konyvforditasok-robert-winston-bontsd-elemeire-a-vilagot-oldodj-fel-a-kemiaban","status":"publish","type":"page","link":"https:\/\/www.morvaykrisztina.hu\/en\/lablec\/lablec-konyvforditasok-robert-winston-bontsd-elemeire-a-vilagot-oldodj-fel-a-kemiaban\/","title":{"rendered":"L\u00e1bl\u00e9c &#8211; K\u00f6nyvford\u00edt\u00e1sok &#8211; Robert Winston &#8211; It&#8217;s Elementary &#8211; How Chemistry Rocks Our World!"},"content":{"rendered":"<p><\/p>\n<div><img decoding=\"async\" title=\"Robert Winston - It's Elementary - How Chemistry Rocks Our World!\" src=\"\/wp-content\/uploads\/Robert_Winston_-_Its_Elementary_-_How_Chemistry_Rocks_Our_World.jpg\" alt=\"Robert Winston - It's Elementary - How Chemistry Rocks Our World!\" \/><br \/>\n<span class=\"elem-cim\">Robert Winston<\/span><br \/>\n<span class=\"elem-alcim\">It&#8217;s Elementary &#8211; How Chemistry Rocks Our World!<\/span><br \/>\n<span class=\"elem-text\">Review: First, this is a great book. Well-conceived, well-written, well-illustrated. But that&#8217;s an adult&#8217;s viewpoint. When asked to describe it, our nine-year old said&#8230;<\/span><a href=\"\/en\/referenciak\/kategoriak\/robert-winston-bontsd-elemeire-a-vilagot-oldodj-fel-a-kemiaban\/\">more<\/a><\/div>\n<p><\/p>","protected":false},"excerpt":{"rendered":"<p>Robert Winston It&#8217;s Elementary &#8211; How Chemistry Rocks Our World! Review: First, this is a great book. Well-conceived, well-written, well-illustrated. But that&#8217;s an adult&#8217;s viewpoint. When asked to describe it, our nine-year old said&#8230;more<\/p>\n","protected":false},"author":1,"featured_media":0,"parent":246,"menu_order":0,"comment_status":"open","ping_status":"open","template":"","meta":{"footnotes":""},"_links":{"self":[{"href":"https:\/\/www.morvaykrisztina.hu\/en\/wp-json\/wp\/v2\/pages\/1645"}],"collection":[{"href":"https:\/\/www.morvaykrisztina.hu\/en\/wp-json\/wp\/v2\/pages"}],"about":[{"href":"https:\/\/www.morvaykrisztina.hu\/en\/wp-json\/wp\/v2\/types\/page"}],"author":[{"embeddable":true,"href":"https:\/\/www.morvaykrisztina.hu\/en\/wp-json\/wp\/v2\/users\/1"}],"replies":[{"embeddable":true,"href":"https:\/\/www.morvaykrisztina.hu\/en\/wp-json\/wp\/v2\/comments?post=1645"}],"version-history":[{"count":0,"href":"https:\/\/www.morvaykrisztina.hu\/en\/wp-json\/wp\/v2\/pages\/1645\/revisions"}],"up":[{"embeddable":true,"href":"https:\/\/www.morvaykrisztina.hu\/en\/wp-json\/wp\/v2\/pages\/246"}],"wp:attachment":[{"href":"https:\/\/www.morvaykrisztina.hu\/en\/wp-json\/wp\/v2\/media?parent=1645"}],"curies":[{"name":"wp","href":"https:\/\/api.w.org\/{rel}","templated":true}]}}