{"id":1643,"date":"2015-02-07T13:44:08","date_gmt":"2015-02-07T12:44:08","guid":{"rendered":"https:\/\/www.morvaykrisztina.hu\/?page_id=1643"},"modified":"2020-05-11T15:14:47","modified_gmt":"2020-05-11T13:14:47","slug":"lablec-konyvforditasok-david-quammen-a-ketkedo-darwin","status":"publish","type":"page","link":"https:\/\/www.morvaykrisztina.hu\/en\/lablec\/lablec-konyvforditasok-david-quammen-a-ketkedo-darwin\/","title":{"rendered":"L\u00e1bl\u00e9c &#8211; K\u00f6nyvford\u00edt\u00e1sok &#8211; David Quammen &#8211; Reluctant Mr. Darwin"},"content":{"rendered":"<p><\/p>\n<div><img decoding=\"async\" title=\"David Quammen - Reluctant Mr. Darwin\" src=\"\/wp-content\/uploads\/David_Quammen_-_Reluctant_Mr_Darwin.jpg\" alt=\"David Quammen - Reluctant Mr. Darwin\" \/><br \/>\n<span class=\"elem-cim\">David Quammen<\/span><br \/>\n<span class=\"elem-alcim\">Reluctant Mr. Darwin<\/span><br \/>\n<span class=\"elem-text\">Twenty-one years passed between Charles Darwin&#8217;s epiphany that &#8220;natural selection&#8221; formed the basis of evolution and the scientist&#8217;s publication of On the Origin of Species&#8230;<\/span><a href=\"\/en\/referenciak\/kategoriak\/david-quammen-a-ketkedo-darwin\/\">more<\/a><\/div>\n<p><\/p>","protected":false},"excerpt":{"rendered":"<p>David Quammen Reluctant Mr. Darwin Twenty-one years passed between Charles Darwin&#8217;s epiphany that &#8220;natural selection&#8221; formed the basis of evolution and the scientist&#8217;s publication of On the Origin of Species&#8230;more<\/p>\n","protected":false},"author":1,"featured_media":0,"parent":246,"menu_order":0,"comment_status":"open","ping_status":"open","template":"","meta":{"footnotes":""},"_links":{"self":[{"href":"https:\/\/www.morvaykrisztina.hu\/en\/wp-json\/wp\/v2\/pages\/1643"}],"collection":[{"href":"https:\/\/www.morvaykrisztina.hu\/en\/wp-json\/wp\/v2\/pages"}],"about":[{"href":"https:\/\/www.morvaykrisztina.hu\/en\/wp-json\/wp\/v2\/types\/page"}],"author":[{"embeddable":true,"href":"https:\/\/www.morvaykrisztina.hu\/en\/wp-json\/wp\/v2\/users\/1"}],"replies":[{"embeddable":true,"href":"https:\/\/www.morvaykrisztina.hu\/en\/wp-json\/wp\/v2\/comments?post=1643"}],"version-history":[{"count":0,"href":"https:\/\/www.morvaykrisztina.hu\/en\/wp-json\/wp\/v2\/pages\/1643\/revisions"}],"up":[{"embeddable":true,"href":"https:\/\/www.morvaykrisztina.hu\/en\/wp-json\/wp\/v2\/pages\/246"}],"wp:attachment":[{"href":"https:\/\/www.morvaykrisztina.hu\/en\/wp-json\/wp\/v2\/media?parent=1643"}],"curies":[{"name":"wp","href":"https:\/\/api.w.org\/{rel}","templated":true}]}}