{"id":1640,"date":"2015-02-07T13:37:45","date_gmt":"2015-02-07T12:37:45","guid":{"rendered":"https:\/\/www.morvaykrisztina.hu\/?page_id=1640"},"modified":"2015-02-07T15:07:00","modified_gmt":"2015-02-07T14:07:00","slug":"lablec-konyvforditasok-liane-moriarty-a-ferjem-titkol-valamit","status":"publish","type":"page","link":"https:\/\/www.morvaykrisztina.hu\/en\/lablec\/lablec-konyvforditasok-liane-moriarty-a-ferjem-titkol-valamit\/","title":{"rendered":"L\u00e1bl\u00e9c &#8211; K\u00f6nyvford\u00edt\u00e1sok &#8211; Liane Moriarty &#8211; The Husband&#8217;s Secret"},"content":{"rendered":"<p><\/p>\n<div><img decoding=\"async\" title=\"Liane Moriarty - The Husband's Secret\" src=\"\/wp-content\/uploads\/Liane_Moriarty_-_The_Husband-s_Secret.jpg\" alt=\"Liane Moriarty - The Husband's Secret\" \/><br \/>\n<span class=\"elem-cim\">Liane Moriarty <\/span><br \/>\n<span class=\"elem-alcim\">The Husband&#8217;s Secret<\/span><br \/>\n<span class=\"elem-text\">An Amazon Best Book of the Month, August 2013: Liane Moriary is probably doomed to be forever labeled a writer of \u201cchick lit.\u201d But despite its dopey name, her new novel&#8230;<\/span><a href=\"\/en\/referenciak\/kategoriak\/liane-moriarty-a-ferjem-titkol-valamit\/\">more<\/a><\/div>\n<p><\/p>","protected":false},"excerpt":{"rendered":"<p>Liane Moriarty The Husband&#8217;s Secret An Amazon Best Book of the Month, August 2013: Liane Moriary is probably doomed to be forever labeled a writer of \u201cchick lit.\u201d But despite its dopey name, her new novel&#8230;more<\/p>\n","protected":false},"author":1,"featured_media":0,"parent":246,"menu_order":0,"comment_status":"open","ping_status":"open","template":"","meta":{"footnotes":""},"_links":{"self":[{"href":"https:\/\/www.morvaykrisztina.hu\/en\/wp-json\/wp\/v2\/pages\/1640"}],"collection":[{"href":"https:\/\/www.morvaykrisztina.hu\/en\/wp-json\/wp\/v2\/pages"}],"about":[{"href":"https:\/\/www.morvaykrisztina.hu\/en\/wp-json\/wp\/v2\/types\/page"}],"author":[{"embeddable":true,"href":"https:\/\/www.morvaykrisztina.hu\/en\/wp-json\/wp\/v2\/users\/1"}],"replies":[{"embeddable":true,"href":"https:\/\/www.morvaykrisztina.hu\/en\/wp-json\/wp\/v2\/comments?post=1640"}],"version-history":[{"count":0,"href":"https:\/\/www.morvaykrisztina.hu\/en\/wp-json\/wp\/v2\/pages\/1640\/revisions"}],"up":[{"embeddable":true,"href":"https:\/\/www.morvaykrisztina.hu\/en\/wp-json\/wp\/v2\/pages\/246"}],"wp:attachment":[{"href":"https:\/\/www.morvaykrisztina.hu\/en\/wp-json\/wp\/v2\/media?parent=1640"}],"curies":[{"name":"wp","href":"https:\/\/api.w.org\/{rel}","templated":true}]}}