{"id":1635,"date":"2015-02-07T13:26:19","date_gmt":"2015-02-07T12:26:19","guid":{"rendered":"https:\/\/www.morvaykrisztina.hu\/?page_id=1635"},"modified":"2015-02-07T15:07:09","modified_gmt":"2015-02-07T14:07:09","slug":"lablec-konyvforditasok-leif-enger-a-folyo-dala","status":"publish","type":"page","link":"https:\/\/www.morvaykrisztina.hu\/en\/lablec\/lablec-konyvforditasok-leif-enger-a-folyo-dala\/","title":{"rendered":"L\u00e1bl\u00e9c &#8211; K\u00f6nyvford\u00edt\u00e1sok &#8211; Leif Enger &#8211; Peace Like a River"},"content":{"rendered":"<p><\/p>\n<div><img decoding=\"async\" title=\"Leif Enger - Peace Like a River\" src=\"\/wp-content\/uploads\/Leif_Enger_-_Peace_Like_a_River.jpg\" alt=\"Leif Enger - Peace Like a River\" \/><br \/>\n<span class=\"elem-cim\">Leif Enger<\/span><br \/>\n<span class=\"elem-alcim\">Peace Like a River<\/span><br \/>\n<span class=\"elem-text\">Young Reuben Land has little doubt that miracles happen all around us, suspecting that his own father is touched by God&#8230;.<\/span><a href=\"\/en\/referenciak\/kategoriak\/leif-enger-a-folyo-dala\/\">more<\/a><\/div>\n<p><\/p>","protected":false},"excerpt":{"rendered":"<p>Leif Enger Peace Like a River Young Reuben Land has little doubt that miracles happen all around us, suspecting that his own father is touched by God&#8230;.more<\/p>\n","protected":false},"author":1,"featured_media":0,"parent":246,"menu_order":0,"comment_status":"open","ping_status":"open","template":"","meta":{"footnotes":""},"_links":{"self":[{"href":"https:\/\/www.morvaykrisztina.hu\/en\/wp-json\/wp\/v2\/pages\/1635"}],"collection":[{"href":"https:\/\/www.morvaykrisztina.hu\/en\/wp-json\/wp\/v2\/pages"}],"about":[{"href":"https:\/\/www.morvaykrisztina.hu\/en\/wp-json\/wp\/v2\/types\/page"}],"author":[{"embeddable":true,"href":"https:\/\/www.morvaykrisztina.hu\/en\/wp-json\/wp\/v2\/users\/1"}],"replies":[{"embeddable":true,"href":"https:\/\/www.morvaykrisztina.hu\/en\/wp-json\/wp\/v2\/comments?post=1635"}],"version-history":[{"count":0,"href":"https:\/\/www.morvaykrisztina.hu\/en\/wp-json\/wp\/v2\/pages\/1635\/revisions"}],"up":[{"embeddable":true,"href":"https:\/\/www.morvaykrisztina.hu\/en\/wp-json\/wp\/v2\/pages\/246"}],"wp:attachment":[{"href":"https:\/\/www.morvaykrisztina.hu\/en\/wp-json\/wp\/v2\/media?parent=1635"}],"curies":[{"name":"wp","href":"https:\/\/api.w.org\/{rel}","templated":true}]}}