{"id":1584,"date":"2014-02-18T21:49:45","date_gmt":"2014-02-18T20:49:45","guid":{"rendered":"https:\/\/www.morvaykrisztina.hu\/?page_id=1584"},"modified":"2014-02-18T21:53:10","modified_gmt":"2014-02-18T20:53:10","slug":"lablec-konyvforditasok-maria-konnikova-mesterelme-gondolkodj-ugy-mint-sherlock-holmes","status":"publish","type":"page","link":"https:\/\/www.morvaykrisztina.hu\/en\/lablec\/lablec-konyvforditasok-maria-konnikova-mesterelme-gondolkodj-ugy-mint-sherlock-holmes\/","title":{"rendered":"L\u00e1bl\u00e9c &#8211; K\u00f6nyvford\u00edt\u00e1sok &#8211; Maria Konnikova &#8211; Mastermind: How to Think Like Sherlock Holmes"},"content":{"rendered":"<p><\/p>\n<div><img decoding=\"async\" title=\"Maria Konnikova - Mastermind: How to Think Like Sherlock Holmes\" src=\"\/wp-content\/uploads\/Maria_Konnikova_-_Mastermind.jpg\" alt=\"Maria Konnikova - Mastermind: How to Think Like Sherlock Holmes\" \/><br \/>\n<span class=\"elem-cim\">Maria Konnikova<\/span><br \/>\n<span class=\"elem-alcim\">Mastermind: How to Think Like Sherlock Holmes<\/span><br \/>\n<span class=\"elem-text\">No fictional character is more renowned for his powers of thought and observation than Sherlock Holmes. But is his extraordinary&#8230;<\/span><a href=\"\/en\/referenciak\/kategoriak\/maria-konnikova-mesterelme-gondolkodj-ugy-mint-sherlock-holmes\/\">more<\/a><\/div>\n<p><\/p>","protected":false},"excerpt":{"rendered":"<p>Maria Konnikova Mastermind: How to Think Like Sherlock Holmes No fictional character is more renowned for his powers of thought and observation than Sherlock Holmes. But is his extraordinary&#8230;more<\/p>\n","protected":false},"author":1,"featured_media":0,"parent":246,"menu_order":0,"comment_status":"open","ping_status":"open","template":"","meta":{"footnotes":""},"_links":{"self":[{"href":"https:\/\/www.morvaykrisztina.hu\/en\/wp-json\/wp\/v2\/pages\/1584"}],"collection":[{"href":"https:\/\/www.morvaykrisztina.hu\/en\/wp-json\/wp\/v2\/pages"}],"about":[{"href":"https:\/\/www.morvaykrisztina.hu\/en\/wp-json\/wp\/v2\/types\/page"}],"author":[{"embeddable":true,"href":"https:\/\/www.morvaykrisztina.hu\/en\/wp-json\/wp\/v2\/users\/1"}],"replies":[{"embeddable":true,"href":"https:\/\/www.morvaykrisztina.hu\/en\/wp-json\/wp\/v2\/comments?post=1584"}],"version-history":[{"count":0,"href":"https:\/\/www.morvaykrisztina.hu\/en\/wp-json\/wp\/v2\/pages\/1584\/revisions"}],"up":[{"embeddable":true,"href":"https:\/\/www.morvaykrisztina.hu\/en\/wp-json\/wp\/v2\/pages\/246"}],"wp:attachment":[{"href":"https:\/\/www.morvaykrisztina.hu\/en\/wp-json\/wp\/v2\/media?parent=1584"}],"curies":[{"name":"wp","href":"https:\/\/api.w.org\/{rel}","templated":true}]}}