{"id":1530,"date":"2013-09-29T18:01:25","date_gmt":"2013-09-29T16:01:25","guid":{"rendered":"https:\/\/www.morvaykrisztina.hu\/?page_id=1530"},"modified":"2013-09-29T20:34:15","modified_gmt":"2013-09-29T18:34:15","slug":"lablec-konyvforditasok-alex-stone-szedjuk-ra-houdinit","status":"publish","type":"page","link":"https:\/\/www.morvaykrisztina.hu\/en\/lablec\/lablec-konyvforditasok-alex-stone-szedjuk-ra-houdinit\/","title":{"rendered":"L\u00e1bl\u00e9c &#8211; K\u00f6nyvford\u00edt\u00e1sok &#8211; Alex Stone &#8211; Fooling Houdini"},"content":{"rendered":"<p><\/p>\n<div><img decoding=\"async\" title=\"Alex_Stone_-_Fooling_Houdini\" alt=\"Alex_Stone_-_Fooling_Houdini\" src=\"\/wp-content\/uploads\/Alex_Stone_-_Fooling_Houdini.jpg\" \/><\/p>\n<p><span class=\"elem-cim\">Alex Stone<\/span><br \/>\n<span class=\"elem-alcim\">Fooling Houdini<\/span><\/p>\n<p><span class=\"elem-text\">From the back rooms of New York City\u2019s age-old magic societies to cutting-edge psychology labs, three-card monte games&#8230;<\/span><a href=\"\/en\/referenciak\/kategoriak\/alex-stone-szedjuk-ra-houdinit\/\">more<\/a>\n<\/div>\n<p><\/p>","protected":false},"excerpt":{"rendered":"<p>Alex Stone Fooling Houdini From the back rooms of New York City\u2019s age-old magic societies to cutting-edge psychology labs, three-card monte games&#8230;more<\/p>\n","protected":false},"author":1,"featured_media":0,"parent":246,"menu_order":0,"comment_status":"open","ping_status":"open","template":"","meta":{"footnotes":""},"_links":{"self":[{"href":"https:\/\/www.morvaykrisztina.hu\/en\/wp-json\/wp\/v2\/pages\/1530"}],"collection":[{"href":"https:\/\/www.morvaykrisztina.hu\/en\/wp-json\/wp\/v2\/pages"}],"about":[{"href":"https:\/\/www.morvaykrisztina.hu\/en\/wp-json\/wp\/v2\/types\/page"}],"author":[{"embeddable":true,"href":"https:\/\/www.morvaykrisztina.hu\/en\/wp-json\/wp\/v2\/users\/1"}],"replies":[{"embeddable":true,"href":"https:\/\/www.morvaykrisztina.hu\/en\/wp-json\/wp\/v2\/comments?post=1530"}],"version-history":[{"count":0,"href":"https:\/\/www.morvaykrisztina.hu\/en\/wp-json\/wp\/v2\/pages\/1530\/revisions"}],"up":[{"embeddable":true,"href":"https:\/\/www.morvaykrisztina.hu\/en\/wp-json\/wp\/v2\/pages\/246"}],"wp:attachment":[{"href":"https:\/\/www.morvaykrisztina.hu\/en\/wp-json\/wp\/v2\/media?parent=1530"}],"curies":[{"name":"wp","href":"https:\/\/api.w.org\/{rel}","templated":true}]}}