{"id":12,"date":"2011-08-28T23:28:26","date_gmt":"2011-08-28T21:28:26","guid":{"rendered":"https:\/\/www.morvaykrisztina.hu\/?page_id=12"},"modified":"2012-12-03T10:47:22","modified_gmt":"2012-12-03T09:47:22","slug":"arajanlatkeres","status":"publish","type":"page","link":"https:\/\/www.morvaykrisztina.hu\/en\/arajanlatkeres\/","title":{"rendered":"Quotation request"},"content":{"rendered":"<p><\/p>\n<h1>Quotation request<\/h1>\n<p>For a unique quotation, please fill in the form below:<\/p>\n\n\t\t<div id=\"usermessage4a\" class=\"cf_info \"><\/div>\n\t\t<form enctype=\"multipart\/form-data\" action=\"\/en\/wp-json\/wp\/v2\/pages\/12#usermessage4a\" method=\"post\" class=\"cform quotation-request \" id=\"cforms4form\">\n\t\t<ol class=\"cf-ol\">\n\t\t\t<li id=\"li-4-1\" class=\"\"><label id=\"label-4-1\" for=\"cf4_field_1\"><span>Name<\/span><\/label><input type=\"text\" name=\"cf4_field_1\" id=\"cf4_field_1\" class=\"single fldrequired\" value=\"First name Last name\" onfocus=\"clearField(this)\" onblur=\"setField(this)\"\/><span class=\"reqtxt\">(required)<\/span><\/li>\n\t\t\t<li id=\"li-4-2\" class=\"\"><label id=\"label-4-2\" for=\"cf4_field_2\"><span>Company<\/span><\/label><input type=\"text\" name=\"cf4_field_2\" id=\"cf4_field_2\" class=\"single\" value=\"Company name if relevant\" onfocus=\"clearField(this)\" onblur=\"setField(this)\"\/><\/li>\n\t\t\t<li id=\"li-4-3\" class=\"\"><label id=\"label-4-3\" for=\"cf4_field_3\"><span>Telephone<\/span><\/label><input type=\"text\" name=\"cf4_field_3\" id=\"cf4_field_3\" class=\"single\" value=\"Format: +36-12-345-6789\" onfocus=\"clearField(this)\" onblur=\"setField(this)\"\/><\/li>\n\t\t\t<li id=\"li-4-4\" class=\"\"><label id=\"label-4-4\" for=\"cf4_field_4\"><span>Email<\/span><\/label><input type=\"text\" name=\"cf4_field_4\" id=\"cf4_field_4\" class=\"single fldemail fldrequired\" value=\"@\"\/><span class=\"emailreqtxt\">(valid email address is needed)<\/span><\/li>\n\t\t\t<li id=\"li-4-5\" class=\"\"><label id=\"label-4-5\" for=\"cf4_field_5\"><span>Source language<\/span><\/label><select name=\"cf4_field_5\" id=\"cf4_field_5\" class=\"cformselect fldrequired\" >\n\t\t\t\t<option value=\"-\">---<\/option>\n\t\t\t\t<option value=\"hungarian\">Hungarian<\/option>\n\t\t\t\t<option value=\"english\">English<\/option>\n\t\t\t<\/select><span class=\"reqtxt\">(required)<\/span><\/li>\n\t\t\t<li id=\"li-4-6\" class=\"\"><label id=\"label-4-6\" for=\"cf4_field_6\"><span>Type<\/span><\/label><select name=\"cf4_field_6\" id=\"cf4_field_6\" class=\"cformselect fldrequired\" >\n\t\t\t\t<option value=\"General\">General<\/option>\n\t\t\t\t<option value=\"Business and research presentations\/management summaries\">Business and research presentations\/management summaries<\/option>\n\t\t\t\t<option value=\"User manuals\/Product handbooks\">User manuals\/Product handbooks<\/option>\n\t\t\t\t<option value=\"Formal documentation\">Formal documentation<\/option>\n\t\t\t\t<option value=\"Software and website localization\">Software and website localization<\/option>\n\t\t\t\t<option value=\"Conservation\/Aqua sports\">Conservation\/Aqua sports<\/option>\n\t\t\t\t<option value=\"Advertisement and movie subtitles\">Advertisement and movie subtitles<\/option>\n\t\t\t\t<option value=\"Specialized literature and novels\">Specialized literature and novels<\/option>\n\t\t\t\t<option value=\"Business correspondence\">Business correspondence<\/option>\n\t\t\t\t<option value=\"Sales and marketing related documents\">Sales and marketing related documents<\/option>\n\t\t\t\t<option value=\"Other\">Other<\/option>\n\t\t\t<\/select><span class=\"reqtxt\">(required)<\/span><\/li>\n\t\t\t<li id=\"li-4-7\" class=\"\"><label id=\"label-4-7\" for=\"cf4_field_7\"><span>Length<\/span><\/label><input type=\"text\" name=\"cf4_field_7\" id=\"cf4_field_7\" class=\"single fldrequired\" value=\"Length (For example 10 pages, 100 words or 10 000 keyboard characters)\" onfocus=\"clearField(this)\" onblur=\"setField(this)\"\/><span class=\"reqtxt\">(required)<\/span><\/li>\n\t\t\t<li id=\"li-4-8\" class=\"\"><label id=\"label-4-8\" for=\"cf4_field_8\"><span>Deadline<\/span><\/label><input type=\"text\" name=\"cf4_field_8\" id=\"cf4_field_8\" class=\"single cf_date\" value=\"dd-mm-yyyy\"\/><input type=\"hidden\" name=\"cf4_field_8_regexp\" id=\"cf4_field_8_regexp\" value=\"^[0-9][0-9]-[0-9][0-9]-[0-9][0-9][0-9][0-9]$\"\/><\/li>\n\t\t\t<li id=\"li-4-9\" class=\"\"><label id=\"label-4-9\" for=\"cf4_field_9\"><span>Note<\/span><\/label><textarea cols=\"30\" rows=\"8\" name=\"cf4_field_9\" id=\"cf4_field_9\" class=\"area fldrequired\" onfocus=\"clearField(this)\" onblur=\"setField(this)\">Other relevant information on the translation...<\/textarea><span class=\"reqtxt\">(required)<\/span><\/li>\n\t\t\t<li id=\"li-4-10\" class=\"\"><label id=\"label-4-10\" for=\"cforms_captcha4\" class=\"seccap\"><span>Captcha<\/span><\/label><input type=\"text\" name=\"cforms_captcha4\" id=\"cforms_captcha4\" class=\"secinput\" value=\"\"\/><img id=\"cf_captcha_img4\" class=\"captcha\" src=\"https:\/\/www.morvaykrisztina.hu\/wp-content\/plugins\/cforms\/cforms-captcha.php?ts=4\" alt=\"\"\/><a title=\"captcha k\u00e9p alaphelyzetbe \u00e1ll\u00edt\u00e1sa\" href=\"javascript:reset_captcha('4')\"><img class=\"captcha-reset\" src=\"https:\/\/www.morvaykrisztina.hu\/wp-content\/plugins\/cforms\/images\/spacer.gif\" alt=\"Captcha\"\/><\/a><\/li>\n\t\t<\/ol>\n\t\t<fieldset class=\"cf_hidden\">\n\t\t\t<legend>&nbsp;<\/legend>\n\t\t\t<input type=\"hidden\" name=\"cf_working4\" id=\"cf_working4\" value=\"<span>Please%20wait...<\/span>\"\/>\n\t\t\t<input type=\"hidden\" name=\"cf_failure4\" id=\"cf_failure4\" value=\"<span>Please%2C%20fill%20in%20all%20required%20fields%21<\/span>\"\/>\n\t\t\t<input type=\"hidden\" name=\"cf_codeerr4\" id=\"cf_codeerr4\" value=\"<span>K%C3%A9rlek%20gondosan%20ellen%C5%91rizd%20az%20ellen%C5%91rz%C5%91%20k%C3%B3dodat.<\/span>\"\/>\n\t\t\t<input type=\"hidden\" name=\"cf_customerr4\" id=\"cf_customerr4\" value=\"yyy\"\/>\n\t\t\t<input type=\"hidden\" name=\"cf_popup4\" id=\"cf_popup4\" value=\"nn\"\/>\n\t\t<\/fieldset>\n\t\t<p class=\"cf-sb\"><input type=\"submit\" name=\"sendbutton4\" id=\"sendbutton4\" class=\"sendbutton\" value=\"\" onclick=\"return cforms_validate('4', false)\"\/><\/p><\/form><p class=\"linklove\" id=\"ll4\"><a href=\"http:\/\/www.deliciousdays.com\/cforms-plugin\"><em>cforms<\/em> contact form by delicious:days<\/a><\/p>","protected":false},"excerpt":{"rendered":"<p>Quotation request For a unique quotation, please fill in the form below: Name(required) Company Telephone Email(valid email address is needed) Source language &#8212; Hungarian English (required) Type General Business and research presentations\/management summaries User manuals\/Product handbooks Formal documentation Software and website localization Conservation\/Aqua sports Advertisement and movie subtitles Specialized literature and novels Business correspondence Sales [&hellip;]<\/p>\n","protected":false},"author":1,"featured_media":0,"parent":0,"menu_order":4,"comment_status":"open","ping_status":"open","template":"","meta":{"footnotes":""},"_links":{"self":[{"href":"https:\/\/www.morvaykrisztina.hu\/en\/wp-json\/wp\/v2\/pages\/12"}],"collection":[{"href":"https:\/\/www.morvaykrisztina.hu\/en\/wp-json\/wp\/v2\/pages"}],"about":[{"href":"https:\/\/www.morvaykrisztina.hu\/en\/wp-json\/wp\/v2\/types\/page"}],"author":[{"embeddable":true,"href":"https:\/\/www.morvaykrisztina.hu\/en\/wp-json\/wp\/v2\/users\/1"}],"replies":[{"embeddable":true,"href":"https:\/\/www.morvaykrisztina.hu\/en\/wp-json\/wp\/v2\/comments?post=12"}],"version-history":[{"count":0,"href":"https:\/\/www.morvaykrisztina.hu\/en\/wp-json\/wp\/v2\/pages\/12\/revisions"}],"wp:attachment":[{"href":"https:\/\/www.morvaykrisztina.hu\/en\/wp-json\/wp\/v2\/media?parent=12"}],"curies":[{"name":"wp","href":"https:\/\/api.w.org\/{rel}","templated":true}]}}